{"id":103,"date":"2025-11-05T14:02:09","date_gmt":"2025-11-05T17:02:09","guid":{"rendered":"https:\/\/smwork.com.br\/?page_id=103"},"modified":"2025-11-05T14:05:56","modified_gmt":"2025-11-05T17:05:56","slug":"contato","status":"publish","type":"page","link":"https:\/\/smwork.com.br\/?page_id=103","title":{"rendered":"Contato"},"content":{"rendered":"\n<p>Agradecemos o interesse em nossos produtos e servi\u00e7os.<\/p>\n\n\n\n<figure class=\"wp-block-image size-large\"><img loading=\"lazy\" decoding=\"async\" width=\"1024\" height=\"10\" src=\"http:\/\/smwork.com.br\/wp-content\/uploads\/2025\/11\/img_barra_separadora-1024x10.jpg\" alt=\"\" class=\"wp-image-81\" srcset=\"https:\/\/smwork.com.br\/wp-content\/uploads\/2025\/11\/img_barra_separadora-1024x10.jpg 1024w, https:\/\/smwork.com.br\/wp-content\/uploads\/2025\/11\/img_barra_separadora-300x3.jpg 300w, https:\/\/smwork.com.br\/wp-content\/uploads\/2025\/11\/img_barra_separadora-768x7.jpg 768w, https:\/\/smwork.com.br\/wp-content\/uploads\/2025\/11\/img_barra_separadora.jpg 1347w\" sizes=\"auto, (max-width: 1024px) 100vw, 1024px\" \/><\/figure>\n\n\n\n<p>Para iniciar o atendimento ou esclarecer quaisquer d\u00favidas, solicitamos que utilize o <strong>formul\u00e1rio de contato<\/strong> . Sua solicita\u00e7\u00e3o ser\u00e1 analisada por nossa equipe especializada, com retorno no menor prazo poss\u00edvel.<\/p>\n\n\n\n<p>Estamos \u00e0 disposi\u00e7\u00e3o para atender \u00e0s suas necessidades com excel\u00eancia.<\/p>\n\n\n\n<p><\/p>\n\n\n<style id=\"wpforms-css-vars-104-block-3d6627f3-7c4a-4527-8a9b-747bc2781261\">\n\t\t\t\t#wpforms-104.wpforms-block-3d6627f3-7c4a-4527-8a9b-747bc2781261 {\n\t\t\t\t--wpforms-field-size-input-height: 43px;\n--wpforms-field-size-input-spacing: 15px;\n--wpforms-field-size-font-size: 16px;\n--wpforms-field-size-line-height: 19px;\n--wpforms-field-size-padding-h: 14px;\n--wpforms-field-size-checkbox-size: 16px;\n--wpforms-field-size-sublabel-spacing: 5px;\n--wpforms-field-size-icon-size: 1;\n--wpforms-label-size-font-size: 16px;\n--wpforms-label-size-line-height: 19px;\n--wpforms-label-size-sublabel-font-size: 14px;\n--wpforms-label-size-sublabel-line-height: 17px;\n--wpforms-button-size-font-size: 17px;\n--wpforms-button-size-height: 41px;\n--wpforms-button-size-padding-h: 15px;\n--wpforms-button-size-margin-top: 10px;\n\t\t\t}\n\t\t\t<\/style><div class=\"wpforms-container wpforms-container-full wpforms-block wpforms-block-3d6627f3-7c4a-4527-8a9b-747bc2781261 wpforms-render-modern\" id=\"wpforms-104\"><form id=\"wpforms-form-104\" class=\"wpforms-validate wpforms-form wpforms-ajax-form\" data-formid=\"104\" method=\"post\" enctype=\"multipart\/form-data\" action=\"\/index.php?rest_route=%2Fwp%2Fv2%2Fpages%2F103\" data-token=\"8d06de140511c8117c467cb639ab1178\" data-token-time=\"1776765428\"><noscript class=\"wpforms-error-noscript\">Ative o JavaScript no seu navegador para preencher este formul\u00e1rio.<\/noscript><div id=\"wpforms-error-noscript\" style=\"display: none;\">Ative o JavaScript no seu navegador para preencher este formul\u00e1rio.<\/div><div class=\"wpforms-field-container\"><div id=\"wpforms-104-field_1-container\" class=\"wpforms-field wpforms-field-name\" data-field-id=\"1\"><fieldset><legend class=\"wpforms-field-label\">Nome <span class=\"wpforms-required-label\" aria-hidden=\"true\">*<\/span><\/legend><div class=\"wpforms-field-row wpforms-field-medium\"><div class=\"wpforms-field-row-block wpforms-first wpforms-one-half\"><input type=\"text\" id=\"wpforms-104-field_1\" class=\"wpforms-field-name-first wpforms-field-required\" name=\"wpforms[fields][1][first]\" aria-errormessage=\"wpforms-104-field_1-error\" required><label for=\"wpforms-104-field_1\" class=\"wpforms-field-sublabel after\">Nome<\/label><\/div><div class=\"wpforms-field-row-block wpforms-one-half\"><input type=\"text\" id=\"wpforms-104-field_1-last\" class=\"wpforms-field-name-last wpforms-field-required\" name=\"wpforms[fields][1][last]\" aria-errormessage=\"wpforms-104-field_1-last-error\" required><label for=\"wpforms-104-field_1-last\" class=\"wpforms-field-sublabel after\">Sobrenome<\/label><\/div><\/div><\/fieldset><\/div><div id=\"wpforms-104-field_2-container\" class=\"wpforms-field wpforms-field-email\" data-field-id=\"2\"><label class=\"wpforms-field-label\" for=\"wpforms-104-field_2\">E-mail <span class=\"wpforms-required-label\" aria-hidden=\"true\">*<\/span><\/label><input type=\"email\" id=\"wpforms-104-field_2\" class=\"wpforms-field-medium wpforms-field-required\" name=\"wpforms[fields][2]\" spellcheck=\"false\" aria-errormessage=\"wpforms-104-field_2-error\" required><\/div>\t\t<div id=\"wpforms-104-field_4-container\"\n\t\t\tclass=\"wpforms-field wpforms-field-text\"\n\t\t\tdata-field-type=\"text\"\n\t\t\tdata-field-id=\"4\"\n\t\t\t>\n\t\t\t<label class=\"wpforms-field-label\" for=\"wpforms-104-field_4\" >Nome ou Coment\u00e1rio<\/label>\n\t\t\t<input type=\"text\" id=\"wpforms-104-field_4\" class=\"wpforms-field-medium\" name=\"wpforms[fields][4]\" >\n\t\t<\/div>\n\t\t<div id=\"wpforms-104-field_3-container\" class=\"wpforms-field wpforms-field-textarea\" data-field-id=\"3\"><label class=\"wpforms-field-label\" for=\"wpforms-104-field_3\">Coment\u00e1rio ou Mensagem<\/label><textarea id=\"wpforms-104-field_3\" class=\"wpforms-field-medium\" name=\"wpforms[fields][3]\" aria-errormessage=\"wpforms-104-field_3-error\" ><\/textarea><\/div><script>\n\t\t\t\t( function() {\n\t\t\t\t\tconst style = document.createElement( 'style' );\n\t\t\t\t\tstyle.appendChild( document.createTextNode( '#wpforms-104-field_4-container { position: absolute !important; overflow: hidden !important; display: inline !important; height: 1px !important; width: 1px !important; z-index: -1000 !important; padding: 0 !important; } #wpforms-104-field_4-container input { visibility: hidden; } #wpforms-conversational-form-page #wpforms-104-field_4-container label { counter-increment: none; }' ) );\n\t\t\t\t\tdocument.head.appendChild( style );\n\t\t\t\t\tdocument.currentScript?.remove();\n\t\t\t\t} )();\n\t\t\t<\/script><\/div><!-- .wpforms-field-container --><div class=\"wpforms-submit-container\" ><input type=\"hidden\" name=\"wpforms[id]\" value=\"104\"><input type=\"hidden\" name=\"page_title\" value=\"\"><input type=\"hidden\" name=\"page_url\" value=\"https:\/\/smwork.com.br\/index.php?rest_route=\/wp\/v2\/pages\/103\"><input type=\"hidden\" name=\"url_referer\" value=\"\"><button type=\"submit\" name=\"wpforms[submit]\" id=\"wpforms-submit-104\" class=\"wpforms-submit\" data-alt-text=\"Enviando\u2026\" data-submit-text=\"Enviar\" aria-live=\"assertive\" value=\"wpforms-submit\">Enviar<\/button><img loading=\"lazy\" decoding=\"async\" src=\"https:\/\/smwork.com.br\/wp-content\/plugins\/wpforms-lite\/assets\/images\/submit-spin.svg\" class=\"wpforms-submit-spinner\" style=\"display: none;\" width=\"26\" height=\"26\" alt=\"Carregando\"><\/div><\/form><\/div>  <!-- .wpforms-container -->\n\n\n<p>Entre em contato atrav\u00e9s dos telefones :<\/p>\n\n\n\n<p>+55 61 99672-6845 | +55 61 98105-9191<\/p>\n","protected":false},"excerpt":{"rendered":"<p>Agradecemos o interesse em nossos produtos e servi\u00e7os. Para iniciar o atendimento ou esclarecer quaisquer d\u00favidas, solicitamos que utilize o formul\u00e1rio de contato . Sua solicita\u00e7\u00e3o ser\u00e1 analisada por nossa equipe especializada, com retorno no menor prazo poss\u00edvel. Estamos \u00e0 disposi\u00e7\u00e3o para atender \u00e0s suas necessidades com excel\u00eancia. Entre em contato atrav\u00e9s dos telefones : [&hellip;]<\/p>\n","protected":false},"author":1,"featured_media":0,"parent":0,"menu_order":0,"comment_status":"open","ping_status":"closed","template":"","meta":{"_uag_custom_page_level_css":"","footnotes":""},"class_list":["post-103","page","type-page","status-publish","hentry"],"yoast_head":"<!-- This site is optimized with the Yoast SEO plugin v22.8 - https:\/\/yoast.com\/wordpress\/plugins\/seo\/ -->\n<title>Contato - SM Work Asessoria<\/title>\n<meta name=\"robots\" content=\"index, follow, max-snippet:-1, max-image-preview:large, max-video-preview:-1\" \/>\n<link rel=\"canonical\" href=\"https:\/\/smwork.com.br\/?page_id=103\" \/>\n<meta property=\"og:locale\" content=\"pt_BR\" \/>\n<meta property=\"og:type\" content=\"article\" \/>\n<meta property=\"og:title\" content=\"Contato - SM Work Asessoria\" \/>\n<meta property=\"og:description\" content=\"Agradecemos o interesse em nossos produtos e servi\u00e7os. Para iniciar o atendimento ou esclarecer quaisquer d\u00favidas, solicitamos que utilize o formul\u00e1rio de contato . Sua solicita\u00e7\u00e3o ser\u00e1 analisada por nossa equipe especializada, com retorno no menor prazo poss\u00edvel. Estamos \u00e0 disposi\u00e7\u00e3o para atender \u00e0s suas necessidades com excel\u00eancia. Entre em contato atrav\u00e9s dos telefones : [&hellip;]\" \/>\n<meta property=\"og:url\" content=\"https:\/\/smwork.com.br\/?page_id=103\" \/>\n<meta property=\"og:site_name\" content=\"SM Work Asessoria\" \/>\n<meta property=\"article:modified_time\" content=\"2025-11-05T17:05:56+00:00\" \/>\n<meta property=\"og:image\" content=\"http:\/\/smwork.com.br\/wp-content\/uploads\/2025\/11\/img_barra_separadora-1024x10.jpg\" \/>\n<meta name=\"twitter:card\" content=\"summary_large_image\" \/>\n<meta name=\"twitter:label1\" content=\"Est. tempo de leitura\" \/>\n\t<meta name=\"twitter:data1\" content=\"1 minuto\" \/>\n<script type=\"application\/ld+json\" class=\"yoast-schema-graph\">{\"@context\":\"https:\/\/schema.org\",\"@graph\":[{\"@type\":\"WebPage\",\"@id\":\"https:\/\/smwork.com.br\/?page_id=103\",\"url\":\"https:\/\/smwork.com.br\/?page_id=103\",\"name\":\"Contato - SM Work Asessoria\",\"isPartOf\":{\"@id\":\"https:\/\/smwork.com.br\/#website\"},\"primaryImageOfPage\":{\"@id\":\"https:\/\/smwork.com.br\/?page_id=103#primaryimage\"},\"image\":{\"@id\":\"https:\/\/smwork.com.br\/?page_id=103#primaryimage\"},\"thumbnailUrl\":\"http:\/\/smwork.com.br\/wp-content\/uploads\/2025\/11\/img_barra_separadora-1024x10.jpg\",\"datePublished\":\"2025-11-05T17:02:09+00:00\",\"dateModified\":\"2025-11-05T17:05:56+00:00\",\"breadcrumb\":{\"@id\":\"https:\/\/smwork.com.br\/?page_id=103#breadcrumb\"},\"inLanguage\":\"pt-BR\",\"potentialAction\":[{\"@type\":\"ReadAction\",\"target\":[\"https:\/\/smwork.com.br\/?page_id=103\"]}]},{\"@type\":\"ImageObject\",\"inLanguage\":\"pt-BR\",\"@id\":\"https:\/\/smwork.com.br\/?page_id=103#primaryimage\",\"url\":\"https:\/\/smwork.com.br\/wp-content\/uploads\/2025\/11\/img_barra_separadora.jpg\",\"contentUrl\":\"https:\/\/smwork.com.br\/wp-content\/uploads\/2025\/11\/img_barra_separadora.jpg\",\"width\":1347,\"height\":13},{\"@type\":\"BreadcrumbList\",\"@id\":\"https:\/\/smwork.com.br\/?page_id=103#breadcrumb\",\"itemListElement\":[{\"@type\":\"ListItem\",\"position\":1,\"name\":\"Home\",\"item\":\"https:\/\/smwork.com.br\/\"},{\"@type\":\"ListItem\",\"position\":2,\"name\":\"Contato\"}]},{\"@type\":\"WebSite\",\"@id\":\"https:\/\/smwork.com.br\/#website\",\"url\":\"https:\/\/smwork.com.br\/\",\"name\":\"SM Work Asessoria\",\"description\":\"A SM Work Assessoria fica no Setor de Autarquias Sul Q. 4 Bloco A - Salas 909 a 912 - Asa Sul, Bras\u00edlia - DF, 70070-938\",\"publisher\":{\"@id\":\"https:\/\/smwork.com.br\/#organization\"},\"potentialAction\":[{\"@type\":\"SearchAction\",\"target\":{\"@type\":\"EntryPoint\",\"urlTemplate\":\"https:\/\/smwork.com.br\/?s={search_term_string}\"},\"query-input\":\"required name=search_term_string\"}],\"inLanguage\":\"pt-BR\"},{\"@type\":\"Organization\",\"@id\":\"https:\/\/smwork.com.br\/#organization\",\"name\":\"SM Work Asessoria\",\"url\":\"https:\/\/smwork.com.br\/\",\"logo\":{\"@type\":\"ImageObject\",\"inLanguage\":\"pt-BR\",\"@id\":\"https:\/\/smwork.com.br\/#\/schema\/logo\/image\/\",\"url\":\"https:\/\/smwork.com.br\/wp-content\/uploads\/2025\/11\/Img_NewLogoSmwork.png\",\"contentUrl\":\"https:\/\/smwork.com.br\/wp-content\/uploads\/2025\/11\/Img_NewLogoSmwork.png\",\"width\":592,\"height\":183,\"caption\":\"SM Work Asessoria\"},\"image\":{\"@id\":\"https:\/\/smwork.com.br\/#\/schema\/logo\/image\/\"}}]}<\/script>\n<!-- \/ Yoast SEO plugin. -->","yoast_head_json":{"title":"Contato - SM Work Asessoria","robots":{"index":"index","follow":"follow","max-snippet":"max-snippet:-1","max-image-preview":"max-image-preview:large","max-video-preview":"max-video-preview:-1"},"canonical":"https:\/\/smwork.com.br\/?page_id=103","og_locale":"pt_BR","og_type":"article","og_title":"Contato - SM Work Asessoria","og_description":"Agradecemos o interesse em nossos produtos e servi\u00e7os. Para iniciar o atendimento ou esclarecer quaisquer d\u00favidas, solicitamos que utilize o formul\u00e1rio de contato . Sua solicita\u00e7\u00e3o ser\u00e1 analisada por nossa equipe especializada, com retorno no menor prazo poss\u00edvel. Estamos \u00e0 disposi\u00e7\u00e3o para atender \u00e0s suas necessidades com excel\u00eancia. Entre em contato atrav\u00e9s dos telefones : [&hellip;]","og_url":"https:\/\/smwork.com.br\/?page_id=103","og_site_name":"SM Work Asessoria","article_modified_time":"2025-11-05T17:05:56+00:00","og_image":[{"url":"http:\/\/smwork.com.br\/wp-content\/uploads\/2025\/11\/img_barra_separadora-1024x10.jpg"}],"twitter_card":"summary_large_image","twitter_misc":{"Est. tempo de leitura":"1 minuto"},"schema":{"@context":"https:\/\/schema.org","@graph":[{"@type":"WebPage","@id":"https:\/\/smwork.com.br\/?page_id=103","url":"https:\/\/smwork.com.br\/?page_id=103","name":"Contato - SM Work Asessoria","isPartOf":{"@id":"https:\/\/smwork.com.br\/#website"},"primaryImageOfPage":{"@id":"https:\/\/smwork.com.br\/?page_id=103#primaryimage"},"image":{"@id":"https:\/\/smwork.com.br\/?page_id=103#primaryimage"},"thumbnailUrl":"http:\/\/smwork.com.br\/wp-content\/uploads\/2025\/11\/img_barra_separadora-1024x10.jpg","datePublished":"2025-11-05T17:02:09+00:00","dateModified":"2025-11-05T17:05:56+00:00","breadcrumb":{"@id":"https:\/\/smwork.com.br\/?page_id=103#breadcrumb"},"inLanguage":"pt-BR","potentialAction":[{"@type":"ReadAction","target":["https:\/\/smwork.com.br\/?page_id=103"]}]},{"@type":"ImageObject","inLanguage":"pt-BR","@id":"https:\/\/smwork.com.br\/?page_id=103#primaryimage","url":"https:\/\/smwork.com.br\/wp-content\/uploads\/2025\/11\/img_barra_separadora.jpg","contentUrl":"https:\/\/smwork.com.br\/wp-content\/uploads\/2025\/11\/img_barra_separadora.jpg","width":1347,"height":13},{"@type":"BreadcrumbList","@id":"https:\/\/smwork.com.br\/?page_id=103#breadcrumb","itemListElement":[{"@type":"ListItem","position":1,"name":"Home","item":"https:\/\/smwork.com.br\/"},{"@type":"ListItem","position":2,"name":"Contato"}]},{"@type":"WebSite","@id":"https:\/\/smwork.com.br\/#website","url":"https:\/\/smwork.com.br\/","name":"SM Work Asessoria","description":"A SM Work Assessoria fica no Setor de Autarquias Sul Q. 4 Bloco A - Salas 909 a 912 - Asa Sul, Bras\u00edlia - DF, 70070-938","publisher":{"@id":"https:\/\/smwork.com.br\/#organization"},"potentialAction":[{"@type":"SearchAction","target":{"@type":"EntryPoint","urlTemplate":"https:\/\/smwork.com.br\/?s={search_term_string}"},"query-input":"required name=search_term_string"}],"inLanguage":"pt-BR"},{"@type":"Organization","@id":"https:\/\/smwork.com.br\/#organization","name":"SM Work Asessoria","url":"https:\/\/smwork.com.br\/","logo":{"@type":"ImageObject","inLanguage":"pt-BR","@id":"https:\/\/smwork.com.br\/#\/schema\/logo\/image\/","url":"https:\/\/smwork.com.br\/wp-content\/uploads\/2025\/11\/Img_NewLogoSmwork.png","contentUrl":"https:\/\/smwork.com.br\/wp-content\/uploads\/2025\/11\/Img_NewLogoSmwork.png","width":592,"height":183,"caption":"SM Work Asessoria"},"image":{"@id":"https:\/\/smwork.com.br\/#\/schema\/logo\/image\/"}}]}},"uagb_featured_image_src":{"full":false,"thumbnail":false,"medium":false,"medium_large":false,"large":false,"1536x1536":false,"2048x2048":false},"uagb_author_info":{"display_name":"jehielf","author_link":"https:\/\/smwork.com.br\/?author=1"},"uagb_comment_info":0,"uagb_excerpt":"Agradecemos o interesse em nossos produtos e servi\u00e7os. Para iniciar o atendimento ou esclarecer quaisquer d\u00favidas, solicitamos que utilize o formul\u00e1rio de contato . Sua solicita\u00e7\u00e3o ser\u00e1 analisada por nossa equipe especializada, com retorno no menor prazo poss\u00edvel. Estamos \u00e0 disposi\u00e7\u00e3o para atender \u00e0s suas necessidades com excel\u00eancia. Entre em contato atrav\u00e9s dos telefones :&hellip;","_links":{"self":[{"href":"https:\/\/smwork.com.br\/index.php?rest_route=\/wp\/v2\/pages\/103","targetHints":{"allow":["GET"]}}],"collection":[{"href":"https:\/\/smwork.com.br\/index.php?rest_route=\/wp\/v2\/pages"}],"about":[{"href":"https:\/\/smwork.com.br\/index.php?rest_route=\/wp\/v2\/types\/page"}],"author":[{"embeddable":true,"href":"https:\/\/smwork.com.br\/index.php?rest_route=\/wp\/v2\/users\/1"}],"replies":[{"embeddable":true,"href":"https:\/\/smwork.com.br\/index.php?rest_route=%2Fwp%2Fv2%2Fcomments&post=103"}],"version-history":[{"count":3,"href":"https:\/\/smwork.com.br\/index.php?rest_route=\/wp\/v2\/pages\/103\/revisions"}],"predecessor-version":[{"id":110,"href":"https:\/\/smwork.com.br\/index.php?rest_route=\/wp\/v2\/pages\/103\/revisions\/110"}],"wp:attachment":[{"href":"https:\/\/smwork.com.br\/index.php?rest_route=%2Fwp%2Fv2%2Fmedia&parent=103"}],"curies":[{"name":"wp","href":"https:\/\/api.w.org\/{rel}","templated":true}]}}