{"id":157,"date":"2025-11-06T14:42:15","date_gmt":"2025-11-06T17:42:15","guid":{"rendered":"https:\/\/smwork.com.br\/?page_id=157"},"modified":"2025-11-10T16:11:41","modified_gmt":"2025-11-10T19:11:41","slug":"assessoria-e-consultoria","status":"publish","type":"page","link":"https:\/\/smwork.com.br\/?page_id=157","title":{"rendered":"Assessoria e Consultoria"},"content":{"rendered":"\n<div class=\"wp-block-uagb-info-box uagb-block-bd8794f1 uagb-infobox__content-wrap  uagb-infobox-icon-above-title uagb-infobox-image-valign-top\"><div class=\"uagb-ifb-content\"><div class=\"uagb-ifb-icon-wrap\"><svg xmlns=\"https:\/\/www.w3.org\/2000\/svg\" viewBox=\"0 0 512 512\"><path d=\"M0 256C0 114.6 114.6 0 256 0C397.4 0 512 114.6 512 256C512 397.4 397.4 512 256 512C114.6 512 0 397.4 0 256zM371.8 211.8C382.7 200.9 382.7 183.1 371.8 172.2C360.9 161.3 343.1 161.3 332.2 172.2L224 280.4L179.8 236.2C168.9 225.3 151.1 225.3 140.2 236.2C129.3 247.1 129.3 264.9 140.2 275.8L204.2 339.8C215.1 350.7 232.9 350.7 243.8 339.8L371.8 211.8z\"><\/path><\/svg><\/div><div class=\"uagb-ifb-title-wrap\"><h3 class=\"uagb-ifb-title\">Assessoria e Consultoria Administrativa, Or\u00e7ament\u00e1ria e Jur\u00eddica permanente<\/h3><\/div><p class=\"uagb-ifb-desc\">Al\u00e9m do desenvolvimento e gerenciamento de Projetos propriamente ditos, n\u00f3s da SM Work nos colocamos \u00e0 disposi\u00e7\u00e3o para a presta\u00e7\u00e3o de servi\u00e7os de assessoria e consultoria t\u00e9cnica e jur\u00eddica permanente \u00e0s entidades do Terceiro Setor.<br>Por este servi\u00e7o entende-se a presta\u00e7\u00e3o cont\u00ednua e permanente de assessoria diante os desafios e entraves possam ter que ser enfrentados por essas entidades durante as atividades de rotina, nas searas Administrativa, Or\u00e7ament\u00e1ria e Jur\u00eddica.<\/p><\/div><\/div>\n","protected":false},"excerpt":{"rendered":"","protected":false},"author":1,"featured_media":0,"parent":0,"menu_order":0,"comment_status":"closed","ping_status":"closed","template":"","meta":{"_uag_custom_page_level_css":"","footnotes":""},"class_list":["post-157","page","type-page","status-publish","hentry"],"yoast_head":"<!-- This site is optimized with the Yoast SEO plugin v22.8 - https:\/\/yoast.com\/wordpress\/plugins\/seo\/ -->\n<title>Assessoria e Consultoria - SM Work Asessoria<\/title>\n<meta name=\"robots\" content=\"index, follow, max-snippet:-1, max-image-preview:large, max-video-preview:-1\" \/>\n<link rel=\"canonical\" href=\"https:\/\/smwork.com.br\/?page_id=157\" \/>\n<meta property=\"og:locale\" content=\"pt_BR\" \/>\n<meta property=\"og:type\" content=\"article\" \/>\n<meta property=\"og:title\" content=\"Assessoria e Consultoria - SM Work Asessoria\" \/>\n<meta property=\"og:url\" content=\"https:\/\/smwork.com.br\/?page_id=157\" \/>\n<meta property=\"og:site_name\" content=\"SM Work Asessoria\" \/>\n<meta property=\"article:modified_time\" content=\"2025-11-10T19:11:41+00:00\" \/>\n<meta name=\"twitter:card\" content=\"summary_large_image\" \/>\n<meta name=\"twitter:label1\" content=\"Est. tempo de leitura\" \/>\n\t<meta name=\"twitter:data1\" content=\"1 minuto\" \/>\n<script type=\"application\/ld+json\" class=\"yoast-schema-graph\">{\"@context\":\"https:\/\/schema.org\",\"@graph\":[{\"@type\":\"WebPage\",\"@id\":\"https:\/\/smwork.com.br\/?page_id=157\",\"url\":\"https:\/\/smwork.com.br\/?page_id=157\",\"name\":\"Assessoria e Consultoria - SM Work Asessoria\",\"isPartOf\":{\"@id\":\"https:\/\/smwork.com.br\/#website\"},\"datePublished\":\"2025-11-06T17:42:15+00:00\",\"dateModified\":\"2025-11-10T19:11:41+00:00\",\"breadcrumb\":{\"@id\":\"https:\/\/smwork.com.br\/?page_id=157#breadcrumb\"},\"inLanguage\":\"pt-BR\",\"potentialAction\":[{\"@type\":\"ReadAction\",\"target\":[\"https:\/\/smwork.com.br\/?page_id=157\"]}]},{\"@type\":\"BreadcrumbList\",\"@id\":\"https:\/\/smwork.com.br\/?page_id=157#breadcrumb\",\"itemListElement\":[{\"@type\":\"ListItem\",\"position\":1,\"name\":\"Home\",\"item\":\"https:\/\/smwork.com.br\/\"},{\"@type\":\"ListItem\",\"position\":2,\"name\":\"Assessoria e Consultoria\"}]},{\"@type\":\"WebSite\",\"@id\":\"https:\/\/smwork.com.br\/#website\",\"url\":\"https:\/\/smwork.com.br\/\",\"name\":\"SM Work Asessoria\",\"description\":\"A SM Work Assessoria fica no Setor de Autarquias Sul Q. 4 Bloco A - Salas 909 a 912 - Asa Sul, Bras\u00edlia - DF, 70070-938\",\"publisher\":{\"@id\":\"https:\/\/smwork.com.br\/#organization\"},\"potentialAction\":[{\"@type\":\"SearchAction\",\"target\":{\"@type\":\"EntryPoint\",\"urlTemplate\":\"https:\/\/smwork.com.br\/?s={search_term_string}\"},\"query-input\":\"required name=search_term_string\"}],\"inLanguage\":\"pt-BR\"},{\"@type\":\"Organization\",\"@id\":\"https:\/\/smwork.com.br\/#organization\",\"name\":\"SM Work Asessoria\",\"url\":\"https:\/\/smwork.com.br\/\",\"logo\":{\"@type\":\"ImageObject\",\"inLanguage\":\"pt-BR\",\"@id\":\"https:\/\/smwork.com.br\/#\/schema\/logo\/image\/\",\"url\":\"https:\/\/smwork.com.br\/wp-content\/uploads\/2025\/11\/Img_NewLogoSmwork.png\",\"contentUrl\":\"https:\/\/smwork.com.br\/wp-content\/uploads\/2025\/11\/Img_NewLogoSmwork.png\",\"width\":592,\"height\":183,\"caption\":\"SM Work Asessoria\"},\"image\":{\"@id\":\"https:\/\/smwork.com.br\/#\/schema\/logo\/image\/\"}}]}<\/script>\n<!-- \/ Yoast SEO plugin. -->","yoast_head_json":{"title":"Assessoria e Consultoria - SM Work Asessoria","robots":{"index":"index","follow":"follow","max-snippet":"max-snippet:-1","max-image-preview":"max-image-preview:large","max-video-preview":"max-video-preview:-1"},"canonical":"https:\/\/smwork.com.br\/?page_id=157","og_locale":"pt_BR","og_type":"article","og_title":"Assessoria e Consultoria - SM Work Asessoria","og_url":"https:\/\/smwork.com.br\/?page_id=157","og_site_name":"SM Work Asessoria","article_modified_time":"2025-11-10T19:11:41+00:00","twitter_card":"summary_large_image","twitter_misc":{"Est. tempo de leitura":"1 minuto"},"schema":{"@context":"https:\/\/schema.org","@graph":[{"@type":"WebPage","@id":"https:\/\/smwork.com.br\/?page_id=157","url":"https:\/\/smwork.com.br\/?page_id=157","name":"Assessoria e Consultoria - SM Work Asessoria","isPartOf":{"@id":"https:\/\/smwork.com.br\/#website"},"datePublished":"2025-11-06T17:42:15+00:00","dateModified":"2025-11-10T19:11:41+00:00","breadcrumb":{"@id":"https:\/\/smwork.com.br\/?page_id=157#breadcrumb"},"inLanguage":"pt-BR","potentialAction":[{"@type":"ReadAction","target":["https:\/\/smwork.com.br\/?page_id=157"]}]},{"@type":"BreadcrumbList","@id":"https:\/\/smwork.com.br\/?page_id=157#breadcrumb","itemListElement":[{"@type":"ListItem","position":1,"name":"Home","item":"https:\/\/smwork.com.br\/"},{"@type":"ListItem","position":2,"name":"Assessoria e Consultoria"}]},{"@type":"WebSite","@id":"https:\/\/smwork.com.br\/#website","url":"https:\/\/smwork.com.br\/","name":"SM Work Asessoria","description":"A SM Work Assessoria fica no Setor de Autarquias Sul Q. 4 Bloco A - Salas 909 a 912 - Asa Sul, Bras\u00edlia - DF, 70070-938","publisher":{"@id":"https:\/\/smwork.com.br\/#organization"},"potentialAction":[{"@type":"SearchAction","target":{"@type":"EntryPoint","urlTemplate":"https:\/\/smwork.com.br\/?s={search_term_string}"},"query-input":"required name=search_term_string"}],"inLanguage":"pt-BR"},{"@type":"Organization","@id":"https:\/\/smwork.com.br\/#organization","name":"SM Work Asessoria","url":"https:\/\/smwork.com.br\/","logo":{"@type":"ImageObject","inLanguage":"pt-BR","@id":"https:\/\/smwork.com.br\/#\/schema\/logo\/image\/","url":"https:\/\/smwork.com.br\/wp-content\/uploads\/2025\/11\/Img_NewLogoSmwork.png","contentUrl":"https:\/\/smwork.com.br\/wp-content\/uploads\/2025\/11\/Img_NewLogoSmwork.png","width":592,"height":183,"caption":"SM Work Asessoria"},"image":{"@id":"https:\/\/smwork.com.br\/#\/schema\/logo\/image\/"}}]}},"uagb_featured_image_src":{"full":false,"thumbnail":false,"medium":false,"medium_large":false,"large":false,"1536x1536":false,"2048x2048":false},"uagb_author_info":{"display_name":"jehielf","author_link":"https:\/\/smwork.com.br\/?author=1"},"uagb_comment_info":0,"uagb_excerpt":null,"_links":{"self":[{"href":"https:\/\/smwork.com.br\/index.php?rest_route=\/wp\/v2\/pages\/157","targetHints":{"allow":["GET"]}}],"collection":[{"href":"https:\/\/smwork.com.br\/index.php?rest_route=\/wp\/v2\/pages"}],"about":[{"href":"https:\/\/smwork.com.br\/index.php?rest_route=\/wp\/v2\/types\/page"}],"author":[{"embeddable":true,"href":"https:\/\/smwork.com.br\/index.php?rest_route=\/wp\/v2\/users\/1"}],"replies":[{"embeddable":true,"href":"https:\/\/smwork.com.br\/index.php?rest_route=%2Fwp%2Fv2%2Fcomments&post=157"}],"version-history":[{"count":2,"href":"https:\/\/smwork.com.br\/index.php?rest_route=\/wp\/v2\/pages\/157\/revisions"}],"predecessor-version":[{"id":335,"href":"https:\/\/smwork.com.br\/index.php?rest_route=\/wp\/v2\/pages\/157\/revisions\/335"}],"wp:attachment":[{"href":"https:\/\/smwork.com.br\/index.php?rest_route=%2Fwp%2Fv2%2Fmedia&parent=157"}],"curies":[{"name":"wp","href":"https:\/\/api.w.org\/{rel}","templated":true}]}}