{"id":164,"date":"2025-11-06T15:50:52","date_gmt":"2025-11-06T18:50:52","guid":{"rendered":"https:\/\/smwork.com.br\/?page_id=164"},"modified":"2025-11-10T16:53:55","modified_gmt":"2025-11-10T19:53:55","slug":"desenvolvimento-de-projetos","status":"publish","type":"page","link":"https:\/\/smwork.com.br\/?page_id=164","title":{"rendered":"Desenvolvimento de Projetos"},"content":{"rendered":"\n<div class=\"wp-block-uagb-info-box uagb-block-8ce93f93 uagb-infobox__content-wrap  uagb-infobox-icon-above-title uagb-infobox-image-valign-top\"><div class=\"uagb-ifb-content\"><div class=\"uagb-ifb-icon-wrap\"><svg xmlns=\"https:\/\/www.w3.org\/2000\/svg\" viewBox=\"0 0 512 512\"><path d=\"M0 256C0 114.6 114.6 0 256 0C397.4 0 512 114.6 512 256C512 397.4 397.4 512 256 512C114.6 512 0 397.4 0 256zM371.8 211.8C382.7 200.9 382.7 183.1 371.8 172.2C360.9 161.3 343.1 161.3 332.2 172.2L224 280.4L179.8 236.2C168.9 225.3 151.1 225.3 140.2 236.2C129.3 247.1 129.3 264.9 140.2 275.8L204.2 339.8C215.1 350.7 232.9 350.7 243.8 339.8L371.8 211.8z\"><\/path><\/svg><\/div><div class=\"uagb-ifb-title-wrap\"><\/div><\/div><\/div>\n\n\n\n<p>Um dos principais motivos pelo qual os munic\u00edpios n\u00e3o conseguem lograr \u00eaxito na obten\u00e7\u00e3o de uma determinada fonte de recurso reside na hipossufici\u00eancia t\u00e9cnica da equipe local designada para elabora\u00e7\u00e3o do Projeto, resultando na entrega de uma proposta desqualificada que ir\u00e1 acarretar a inviabilidade de sua aceita\u00e7\u00e3o pelo \u00f3rg\u00e3o descentralizador respons\u00e1vel pela sua an\u00e1lise.<\/p>\n\n\n\n<p>Diante isto, oferecemos aos Munic\u00edpios a estrutura funcional adequada, com profissionais especializados na elabora\u00e7\u00e3o de projetos, garantindo maior \u00eaxito no alcance de recursos para a execu\u00e7\u00e3o de pol\u00edticas p\u00fablicas locais.<\/p>\n\n\n\n<p>Neste sentido, segue abaixo relacionadas as \u00e1reas de atua\u00e7\u00e3o para o Desenvolvimento de Projetos:<\/p>\n\n\n\n<p><strong>Saneamento B\u00e1sico e Sa\u00fade:<\/strong> implanta\u00e7\u00e3o de aterros sanit\u00e1rios, constru\u00e7\u00e3o de unidades sanit\u00e1rias, cemit\u00e9rios, controle do meio ambiente, preserva\u00e7\u00e3o de fundo de vales, preserva\u00e7\u00e3o de reservas naturais, aquisi\u00e7\u00e3o de equipamentos hospitalares, gabinetes odontol\u00f3gicos, etc.<\/p>\n\n\n\n<p><strong>Estradas e Rodovias:<\/strong> pavimenta\u00e7\u00e3o e arboriza\u00e7\u00e3o de vias urbanas, drenagem pluvial, terminais rodovi\u00e1rios, passeios p\u00fablicos, constru\u00e7\u00e3o de viadutos, pontes, trapiches, passarelas, implanta\u00e7\u00e3o de sinaliza\u00e7\u00e3o vi\u00e1ria, abrigos de \u00f4nibus.<\/p>\n\n\n\n<p><strong>Servi\u00e7os Sociais e Comunit\u00e1rios:<\/strong> aquisi\u00e7\u00e3o\/constru\u00e7\u00e3o de gin\u00e1sios de esporte, centros comunit\u00e1rios, equipamentos para pra\u00e7as e jardins, garagens e oficinas, escolas, creches, unidades de ensino pr\u00e9-escolar, postos policiais, postos de bombeiros, etc.<\/p>\n\n\n\n<p><strong>Habita\u00e7\u00e3o:<\/strong> infraestrutura de lotes urbanos, urbaniza\u00e7\u00e3o de \u00e1reas de habita\u00e7\u00e3o prec\u00e1ria (favelas).<\/p>\n\n\n\n<p><strong>Equipamentos Diversos:<\/strong> aquisi\u00e7\u00e3o de caminh\u00f5es, ca\u00e7ambas, ve\u00edculos comunit\u00e1rios, carregadeiras, compactadores, moto niveladoras, retroescavadeiras, tratores de esteiras, usina de asfalto e de britagem.<\/p>\n\n\n\n<p><strong>Desenvolvimento do Turismo: <\/strong>portais tur\u00edsticos, centros de informa\u00e7\u00f5es, equipamentos de lazer associados ao turismo, centro de eventos, terminais tur\u00edsticos, etc.<\/p>\n\n\n\n<p>Juntamente com o servi\u00e7o de elabora\u00e7\u00e3o de projetos, buscando um padr\u00e3o de excel\u00eancia que traga ainda mais seguran\u00e7a e conforto ao gestor municipal, tamb\u00e9m oferecemos os seguintes servi\u00e7os na Capital Federal:<\/p>\n\n\n\n<ol style=\"list-style-type:lower-alpha\" class=\"wp-block-list\">\n<li><strong>acompanhamento dos projetos junto ao(s) \u00f3rg\u00e3o(s) competente(s)<\/strong>.\u00a0\u00a0 Este servi\u00e7o \u00e9 de suma relev\u00e2ncia para o \u00eaxito do Projeto, eis que o tr\u00e2mite de an\u00e1lise da proposta e formaliza\u00e7\u00e3o do instrumento requer acompanhamento individualizado, de modo a garantir que os prazos de an\u00e1lise e dilig\u00eancias requeridas sejam atendidos.\u00a0<\/li>\n\n\n\n<li><strong>Agendamento de audi\u00eancias com autoridades<\/strong> (Deputados, Senadores, Ministros, Chefes de Gabinete)<\/li>\n\n\n\n<li><strong>Acompanhamento do gestor municipal junto aos \u00f3rg\u00e3os e audi\u00eancias.<\/strong><\/li>\n<\/ol>\n","protected":false},"excerpt":{"rendered":"<p>Um dos principais motivos pelo qual os munic\u00edpios n\u00e3o conseguem lograr \u00eaxito na obten\u00e7\u00e3o de uma determinada fonte de recurso reside na hipossufici\u00eancia t\u00e9cnica da equipe local designada para elabora\u00e7\u00e3o do Projeto, resultando na entrega de uma proposta desqualificada que ir\u00e1 acarretar a inviabilidade de sua aceita\u00e7\u00e3o pelo \u00f3rg\u00e3o descentralizador respons\u00e1vel pela sua an\u00e1lise. Diante [&hellip;]<\/p>\n","protected":false},"author":1,"featured_media":0,"parent":0,"menu_order":0,"comment_status":"closed","ping_status":"closed","template":"","meta":{"_uag_custom_page_level_css":"","footnotes":""},"class_list":["post-164","page","type-page","status-publish","hentry"],"yoast_head":"<!-- This site is optimized with the Yoast SEO plugin v22.8 - https:\/\/yoast.com\/wordpress\/plugins\/seo\/ -->\n<title>Desenvolvimento de Projetos - SM Work Asessoria<\/title>\n<meta name=\"robots\" content=\"index, follow, max-snippet:-1, max-image-preview:large, max-video-preview:-1\" \/>\n<link rel=\"canonical\" href=\"https:\/\/smwork.com.br\/?page_id=164\" \/>\n<meta property=\"og:locale\" content=\"pt_BR\" \/>\n<meta property=\"og:type\" content=\"article\" \/>\n<meta property=\"og:title\" content=\"Desenvolvimento de Projetos - SM Work Asessoria\" \/>\n<meta property=\"og:description\" content=\"Um dos principais motivos pelo qual os munic\u00edpios n\u00e3o conseguem lograr \u00eaxito na obten\u00e7\u00e3o de uma determinada fonte de recurso reside na hipossufici\u00eancia t\u00e9cnica da equipe local designada para elabora\u00e7\u00e3o do Projeto, resultando na entrega de uma proposta desqualificada que ir\u00e1 acarretar a inviabilidade de sua aceita\u00e7\u00e3o pelo \u00f3rg\u00e3o descentralizador respons\u00e1vel pela sua an\u00e1lise. Diante [&hellip;]\" \/>\n<meta property=\"og:url\" content=\"https:\/\/smwork.com.br\/?page_id=164\" \/>\n<meta property=\"og:site_name\" content=\"SM Work Asessoria\" \/>\n<meta property=\"article:modified_time\" content=\"2025-11-10T19:53:55+00:00\" \/>\n<meta name=\"twitter:card\" content=\"summary_large_image\" \/>\n<meta name=\"twitter:label1\" content=\"Est. tempo de leitura\" \/>\n\t<meta name=\"twitter:data1\" content=\"2 minutos\" \/>\n<script type=\"application\/ld+json\" class=\"yoast-schema-graph\">{\"@context\":\"https:\/\/schema.org\",\"@graph\":[{\"@type\":\"WebPage\",\"@id\":\"https:\/\/smwork.com.br\/?page_id=164\",\"url\":\"https:\/\/smwork.com.br\/?page_id=164\",\"name\":\"Desenvolvimento de Projetos - SM Work Asessoria\",\"isPartOf\":{\"@id\":\"https:\/\/smwork.com.br\/#website\"},\"datePublished\":\"2025-11-06T18:50:52+00:00\",\"dateModified\":\"2025-11-10T19:53:55+00:00\",\"breadcrumb\":{\"@id\":\"https:\/\/smwork.com.br\/?page_id=164#breadcrumb\"},\"inLanguage\":\"pt-BR\",\"potentialAction\":[{\"@type\":\"ReadAction\",\"target\":[\"https:\/\/smwork.com.br\/?page_id=164\"]}]},{\"@type\":\"BreadcrumbList\",\"@id\":\"https:\/\/smwork.com.br\/?page_id=164#breadcrumb\",\"itemListElement\":[{\"@type\":\"ListItem\",\"position\":1,\"name\":\"Home\",\"item\":\"https:\/\/smwork.com.br\/\"},{\"@type\":\"ListItem\",\"position\":2,\"name\":\"Desenvolvimento de Projetos\"}]},{\"@type\":\"WebSite\",\"@id\":\"https:\/\/smwork.com.br\/#website\",\"url\":\"https:\/\/smwork.com.br\/\",\"name\":\"SM Work Asessoria\",\"description\":\"A SM Work Assessoria fica no Setor de Autarquias Sul Q. 4 Bloco A - Salas 909 a 912 - Asa Sul, Bras\u00edlia - DF, 70070-938\",\"publisher\":{\"@id\":\"https:\/\/smwork.com.br\/#organization\"},\"potentialAction\":[{\"@type\":\"SearchAction\",\"target\":{\"@type\":\"EntryPoint\",\"urlTemplate\":\"https:\/\/smwork.com.br\/?s={search_term_string}\"},\"query-input\":\"required name=search_term_string\"}],\"inLanguage\":\"pt-BR\"},{\"@type\":\"Organization\",\"@id\":\"https:\/\/smwork.com.br\/#organization\",\"name\":\"SM Work Asessoria\",\"url\":\"https:\/\/smwork.com.br\/\",\"logo\":{\"@type\":\"ImageObject\",\"inLanguage\":\"pt-BR\",\"@id\":\"https:\/\/smwork.com.br\/#\/schema\/logo\/image\/\",\"url\":\"https:\/\/smwork.com.br\/wp-content\/uploads\/2025\/11\/Img_NewLogoSmwork.png\",\"contentUrl\":\"https:\/\/smwork.com.br\/wp-content\/uploads\/2025\/11\/Img_NewLogoSmwork.png\",\"width\":592,\"height\":183,\"caption\":\"SM Work Asessoria\"},\"image\":{\"@id\":\"https:\/\/smwork.com.br\/#\/schema\/logo\/image\/\"}}]}<\/script>\n<!-- \/ Yoast SEO plugin. -->","yoast_head_json":{"title":"Desenvolvimento de Projetos - SM Work Asessoria","robots":{"index":"index","follow":"follow","max-snippet":"max-snippet:-1","max-image-preview":"max-image-preview:large","max-video-preview":"max-video-preview:-1"},"canonical":"https:\/\/smwork.com.br\/?page_id=164","og_locale":"pt_BR","og_type":"article","og_title":"Desenvolvimento de Projetos - SM Work Asessoria","og_description":"Um dos principais motivos pelo qual os munic\u00edpios n\u00e3o conseguem lograr \u00eaxito na obten\u00e7\u00e3o de uma determinada fonte de recurso reside na hipossufici\u00eancia t\u00e9cnica da equipe local designada para elabora\u00e7\u00e3o do Projeto, resultando na entrega de uma proposta desqualificada que ir\u00e1 acarretar a inviabilidade de sua aceita\u00e7\u00e3o pelo \u00f3rg\u00e3o descentralizador respons\u00e1vel pela sua an\u00e1lise. Diante [&hellip;]","og_url":"https:\/\/smwork.com.br\/?page_id=164","og_site_name":"SM Work Asessoria","article_modified_time":"2025-11-10T19:53:55+00:00","twitter_card":"summary_large_image","twitter_misc":{"Est. tempo de leitura":"2 minutos"},"schema":{"@context":"https:\/\/schema.org","@graph":[{"@type":"WebPage","@id":"https:\/\/smwork.com.br\/?page_id=164","url":"https:\/\/smwork.com.br\/?page_id=164","name":"Desenvolvimento de Projetos - SM Work Asessoria","isPartOf":{"@id":"https:\/\/smwork.com.br\/#website"},"datePublished":"2025-11-06T18:50:52+00:00","dateModified":"2025-11-10T19:53:55+00:00","breadcrumb":{"@id":"https:\/\/smwork.com.br\/?page_id=164#breadcrumb"},"inLanguage":"pt-BR","potentialAction":[{"@type":"ReadAction","target":["https:\/\/smwork.com.br\/?page_id=164"]}]},{"@type":"BreadcrumbList","@id":"https:\/\/smwork.com.br\/?page_id=164#breadcrumb","itemListElement":[{"@type":"ListItem","position":1,"name":"Home","item":"https:\/\/smwork.com.br\/"},{"@type":"ListItem","position":2,"name":"Desenvolvimento de Projetos"}]},{"@type":"WebSite","@id":"https:\/\/smwork.com.br\/#website","url":"https:\/\/smwork.com.br\/","name":"SM Work Asessoria","description":"A SM Work Assessoria fica no Setor de Autarquias Sul Q. 4 Bloco A - Salas 909 a 912 - Asa Sul, Bras\u00edlia - DF, 70070-938","publisher":{"@id":"https:\/\/smwork.com.br\/#organization"},"potentialAction":[{"@type":"SearchAction","target":{"@type":"EntryPoint","urlTemplate":"https:\/\/smwork.com.br\/?s={search_term_string}"},"query-input":"required name=search_term_string"}],"inLanguage":"pt-BR"},{"@type":"Organization","@id":"https:\/\/smwork.com.br\/#organization","name":"SM Work Asessoria","url":"https:\/\/smwork.com.br\/","logo":{"@type":"ImageObject","inLanguage":"pt-BR","@id":"https:\/\/smwork.com.br\/#\/schema\/logo\/image\/","url":"https:\/\/smwork.com.br\/wp-content\/uploads\/2025\/11\/Img_NewLogoSmwork.png","contentUrl":"https:\/\/smwork.com.br\/wp-content\/uploads\/2025\/11\/Img_NewLogoSmwork.png","width":592,"height":183,"caption":"SM Work Asessoria"},"image":{"@id":"https:\/\/smwork.com.br\/#\/schema\/logo\/image\/"}}]}},"uagb_featured_image_src":{"full":false,"thumbnail":false,"medium":false,"medium_large":false,"large":false,"1536x1536":false,"2048x2048":false},"uagb_author_info":{"display_name":"jehielf","author_link":"https:\/\/smwork.com.br\/?author=1"},"uagb_comment_info":0,"uagb_excerpt":"Um dos principais motivos pelo qual os munic\u00edpios n\u00e3o conseguem lograr \u00eaxito na obten\u00e7\u00e3o de uma determinada fonte de recurso reside na hipossufici\u00eancia t\u00e9cnica da equipe local designada para elabora\u00e7\u00e3o do Projeto, resultando na entrega de uma proposta desqualificada que ir\u00e1 acarretar a inviabilidade de sua aceita\u00e7\u00e3o pelo \u00f3rg\u00e3o descentralizador respons\u00e1vel pela sua an\u00e1lise. Diante&hellip;","_links":{"self":[{"href":"https:\/\/smwork.com.br\/index.php?rest_route=\/wp\/v2\/pages\/164","targetHints":{"allow":["GET"]}}],"collection":[{"href":"https:\/\/smwork.com.br\/index.php?rest_route=\/wp\/v2\/pages"}],"about":[{"href":"https:\/\/smwork.com.br\/index.php?rest_route=\/wp\/v2\/types\/page"}],"author":[{"embeddable":true,"href":"https:\/\/smwork.com.br\/index.php?rest_route=\/wp\/v2\/users\/1"}],"replies":[{"embeddable":true,"href":"https:\/\/smwork.com.br\/index.php?rest_route=%2Fwp%2Fv2%2Fcomments&post=164"}],"version-history":[{"count":5,"href":"https:\/\/smwork.com.br\/index.php?rest_route=\/wp\/v2\/pages\/164\/revisions"}],"predecessor-version":[{"id":342,"href":"https:\/\/smwork.com.br\/index.php?rest_route=\/wp\/v2\/pages\/164\/revisions\/342"}],"wp:attachment":[{"href":"https:\/\/smwork.com.br\/index.php?rest_route=%2Fwp%2Fv2%2Fmedia&parent=164"}],"curies":[{"name":"wp","href":"https:\/\/api.w.org\/{rel}","templated":true}]}}