{"id":2,"date":"2025-10-29T15:44:12","date_gmt":"2025-10-29T18:44:12","guid":{"rendered":"http:\/\/smwork.com.br\/?page_id=2"},"modified":"2025-11-19T15:41:27","modified_gmt":"2025-11-19T18:41:27","slug":"pagina-exemplo","status":"publish","type":"page","link":"https:\/\/smwork.com.br\/?page_id=2","title":{"rendered":"A Empresa"},"content":{"rendered":"\n<hr class=\"wp-block-separator has-alpha-channel-opacity\"\/>\n\n\n\n<p>A SM Work Assessoria \u00e9 uma empresa especializada na presta\u00e7\u00e3o de servi\u00e7os de consultoria e assessoria para entidades p\u00fablicas e privadas que buscam criar, estruturar e viabilizar projetos e solu\u00e7\u00f5es para o desenvolvimento de pol\u00edticas p\u00fablicas, visando o crescimento econ\u00f4mico e social sustent\u00e1vel.<\/p>\n\n\n\n<p>Neste sentido, buscamos desenvolve projetos tecnicamente e juridicamente vi\u00e1veis, de forma a facilitar o acesso das mais diversas entidades a recursos de transfer\u00eancias volunt\u00e1rias, fundos especiais e leis de incentivo disponibilizados pela Uni\u00e3o, Estados e Munic\u00edpios.<\/p>\n\n\n\n<p>Para tanto, contamos com profissionais capacitados, com larga experi\u00eancia na elabora\u00e7\u00e3o de projetos e na cria\u00e7\u00e3o de solu\u00e7\u00f5es para os problemas enfrentados por entidades p\u00fablicas e privadas que dependam de recursos p\u00fablicos para execu\u00e7\u00e3o de suas a\u00e7\u00f5es.<\/p>\n\n\n\n<p>Nosso interesse \u00e9 estabelecer uma conex\u00e3o estreita entre os atores das pol\u00edticas p\u00fablicas, mitigando a hipossufici\u00eancia t\u00e9cnica existente, possibilitando que os recursos dispon\u00edveis alcancem a sua finalidade.<\/p>\n\n\n\n<p>Diante disso, estabelecemos parcerias com diversos setores envolvidos na elabora\u00e7\u00e3o e execu\u00e7\u00e3o de pol\u00edticas p\u00fablicas voltadas a Assist\u00eancia Social, Sa\u00fade, Educa\u00e7\u00e3o, Esporte, Cultura, Saneamento, Infraestrutura, etc.:<\/p>\n\n\n\n<div class=\"wp-block-uagb-slider uagb-block-f1fbea96 uagb-slider-container\"><div class=\"uagb-slides uagb-swiper\"><div class=\"swiper-wrapper\">\n<div class=\"wp-block-uagb-slider-child uagb-slider-child-wrap swiper-slide uagb-block-6b352e5f\"><div class=\"swiper-content\">\n<div class=\"wp-block-uagb-container uagb-block-c7b84147 alignfull uagb-is-root-container\"><div class=\"uagb-container-inner-blocks-wrap\">\n<div class=\"wp-block-uagb-info-box uagb-block-bd6fffe1 uagb-infobox__content-wrap  uagb-infobox-icon-above-title uagb-infobox-image-valign-top\"><div class=\"uagb-ifb-content\"><div class=\"uagb-ifb-title-wrap\"><h3 class=\"uagb-ifb-title\">Sala de Reuni\u00e3o<\/h3><\/div><p class=\"uagb-ifb-desc\"><img loading=\"lazy\" decoding=\"async\" width=\"150\" height=\"267\" class=\"wp-image-391\" style=\"width: 150px;\" src=\"http:\/\/smwork.com.br\/wp-content\/uploads\/2025\/11\/img_smwork_02.jpg\" alt=\"\" srcset=\"https:\/\/smwork.com.br\/wp-content\/uploads\/2025\/11\/img_smwork_02.jpg 1080w, https:\/\/smwork.com.br\/wp-content\/uploads\/2025\/11\/img_smwork_02-169x300.jpg 169w, https:\/\/smwork.com.br\/wp-content\/uploads\/2025\/11\/img_smwork_02-576x1024.jpg 576w, https:\/\/smwork.com.br\/wp-content\/uploads\/2025\/11\/img_smwork_02-768x1365.jpg 768w, https:\/\/smwork.com.br\/wp-content\/uploads\/2025\/11\/img_smwork_02-864x1536.jpg 864w\" sizes=\"auto, (max-width: 150px) 100vw, 150px\" \/> <\/p><div class=\"uagb-ifb-button-wrapper wp-block-button\"><a href=\"#\" class=\"uagb-infobox-cta-link wp-block-button__link\" target=\"_self\" rel=\"noopener noreferrer\" onclick=\"return false;\"><span class=\"uagb-inline-editing\">Read More<\/span><\/a><\/div><\/div><\/div>\n<\/div><\/div>\n<\/div><\/div>\n\n\n\n<div class=\"wp-block-uagb-slider-child uagb-slider-child-wrap swiper-slide uagb-block-fefee177\"><div class=\"swiper-content\">\n<div class=\"wp-block-uagb-container uagb-block-d64c69d7 alignfull uagb-is-root-container\"><div class=\"uagb-container-inner-blocks-wrap\">\n<div class=\"wp-block-uagb-info-box uagb-block-54cc4fbc uagb-infobox__content-wrap  uagb-infobox-icon-above-title uagb-infobox-image-valign-top\"><div class=\"uagb-ifb-content\"><div class=\"uagb-ifb-title-wrap\"><\/div><p class=\"uagb-ifb-desc\"><img loading=\"lazy\" decoding=\"async\" width=\"150\" height=\"267\" class=\"wp-image-392\" style=\"width: 150px;\" src=\"http:\/\/smwork.com.br\/wp-content\/uploads\/2025\/11\/img_smwork_03.jpg\" alt=\"\" srcset=\"https:\/\/smwork.com.br\/wp-content\/uploads\/2025\/11\/img_smwork_03.jpg 1080w, https:\/\/smwork.com.br\/wp-content\/uploads\/2025\/11\/img_smwork_03-169x300.jpg 169w, https:\/\/smwork.com.br\/wp-content\/uploads\/2025\/11\/img_smwork_03-576x1024.jpg 576w, https:\/\/smwork.com.br\/wp-content\/uploads\/2025\/11\/img_smwork_03-768x1365.jpg 768w, https:\/\/smwork.com.br\/wp-content\/uploads\/2025\/11\/img_smwork_03-864x1536.jpg 864w\" sizes=\"auto, (max-width: 150px) 100vw, 150px\" \/><\/p><div class=\"uagb-ifb-button-wrapper wp-block-button\"><a href=\"#\" class=\"uagb-infobox-cta-link wp-block-button__link\" target=\"_self\" rel=\"noopener noreferrer\" onclick=\"return false;\"><span class=\"uagb-inline-editing\">Read More<\/span><\/a><\/div><\/div><\/div>\n<\/div><\/div>\n<\/div><\/div>\n\n\n\n<div class=\"wp-block-uagb-slider-child uagb-slider-child-wrap swiper-slide uagb-block-9fcc3b0b\"><div class=\"swiper-content\">\n<div class=\"wp-block-uagb-container uagb-block-b36ebec2 alignfull uagb-is-root-container\"><div class=\"uagb-container-inner-blocks-wrap\">\n<div class=\"wp-block-uagb-info-box uagb-block-2f4abf1e uagb-infobox__content-wrap  uagb-infobox-icon-above-title uagb-infobox-image-valign-top\"><div class=\"uagb-ifb-content\"><div class=\"uagb-ifb-title-wrap\"><h3 class=\"uagb-ifb-title\">Estamos pr\u00f3ximo aos Minist\u00e9rios<\/h3><\/div><p class=\"uagb-ifb-desc\"><img loading=\"lazy\" decoding=\"async\" width=\"150\" height=\"267\" class=\"wp-image-395\" style=\"width: 150px;\" src=\"http:\/\/smwork.com.br\/wp-content\/uploads\/2025\/11\/img_smwork_06.jpg\" alt=\"\" srcset=\"https:\/\/smwork.com.br\/wp-content\/uploads\/2025\/11\/img_smwork_06.jpg 1080w, https:\/\/smwork.com.br\/wp-content\/uploads\/2025\/11\/img_smwork_06-169x300.jpg 169w, https:\/\/smwork.com.br\/wp-content\/uploads\/2025\/11\/img_smwork_06-576x1024.jpg 576w, https:\/\/smwork.com.br\/wp-content\/uploads\/2025\/11\/img_smwork_06-768x1365.jpg 768w, https:\/\/smwork.com.br\/wp-content\/uploads\/2025\/11\/img_smwork_06-864x1536.jpg 864w\" sizes=\"auto, (max-width: 150px) 100vw, 150px\" \/><\/p><div class=\"uagb-ifb-button-wrapper wp-block-button\"><a href=\"#\" class=\"uagb-infobox-cta-link wp-block-button__link\" target=\"_self\" rel=\"noopener noreferrer\" onclick=\"return false;\"><span class=\"uagb-inline-editing\">Read More<\/span><\/a><\/div><\/div><\/div>\n<\/div><\/div>\n<\/div><\/div>\n<\/div><\/div><div class=\"swiper-pagination\"><\/div><div class=\"swiper-button-prev\"><\/div><div class=\"swiper-button-next\"><\/div><\/div>\n\n\n\n<blockquote class=\"wp-block-quote is-layout-flow wp-block-quote-is-layout-flow\">\n<p class=\"has-text-align-center\">SM Work Assessoria<\/p>\n<\/blockquote>\n\n\n\n<p><\/p>\n","protected":false},"excerpt":{"rendered":"<p>A SM Work Assessoria \u00e9 uma empresa especializada na presta\u00e7\u00e3o de servi\u00e7os de consultoria e assessoria para entidades p\u00fablicas e privadas que buscam criar, estruturar e viabilizar projetos e solu\u00e7\u00f5es para o desenvolvimento de pol\u00edticas p\u00fablicas, visando o crescimento econ\u00f4mico e social sustent\u00e1vel. Neste sentido, buscamos desenvolve projetos tecnicamente e juridicamente vi\u00e1veis, de forma a [&hellip;]<\/p>\n","protected":false},"author":1,"featured_media":0,"parent":0,"menu_order":0,"comment_status":"closed","ping_status":"open","template":"","meta":{"_uag_custom_page_level_css":"","footnotes":""},"class_list":["post-2","page","type-page","status-publish","hentry"],"yoast_head":"<!-- This site is optimized with the Yoast SEO plugin v22.8 - https:\/\/yoast.com\/wordpress\/plugins\/seo\/ -->\n<title>A Empresa - SM Work Asessoria<\/title>\n<meta name=\"robots\" content=\"index, follow, max-snippet:-1, max-image-preview:large, max-video-preview:-1\" \/>\n<link rel=\"canonical\" href=\"http:\/\/smwork.com.br\/?page_id=2\" \/>\n<meta property=\"og:locale\" content=\"pt_BR\" \/>\n<meta property=\"og:type\" content=\"article\" \/>\n<meta property=\"og:title\" content=\"A Empresa - SM Work Asessoria\" \/>\n<meta property=\"og:description\" content=\"A SM Work Assessoria \u00e9 uma empresa especializada na presta\u00e7\u00e3o de servi\u00e7os de consultoria e assessoria para entidades p\u00fablicas e privadas que buscam criar, estruturar e viabilizar projetos e solu\u00e7\u00f5es para o desenvolvimento de pol\u00edticas p\u00fablicas, visando o crescimento econ\u00f4mico e social sustent\u00e1vel. Neste sentido, buscamos desenvolve projetos tecnicamente e juridicamente vi\u00e1veis, de forma a [&hellip;]\" \/>\n<meta property=\"og:url\" content=\"http:\/\/smwork.com.br\/?page_id=2\" \/>\n<meta property=\"og:site_name\" content=\"SM Work Asessoria\" \/>\n<meta property=\"article:modified_time\" content=\"2025-11-19T18:41:27+00:00\" \/>\n<meta property=\"og:image\" content=\"http:\/\/smwork.com.br\/wp-content\/uploads\/2025\/11\/img_smwork_02.jpg\" \/>\n<meta name=\"twitter:card\" content=\"summary_large_image\" \/>\n<meta name=\"twitter:label1\" content=\"Est. tempo de leitura\" \/>\n\t<meta name=\"twitter:data1\" content=\"2 minutos\" \/>\n<script type=\"application\/ld+json\" class=\"yoast-schema-graph\">{\"@context\":\"https:\/\/schema.org\",\"@graph\":[{\"@type\":\"WebPage\",\"@id\":\"http:\/\/smwork.com.br\/?page_id=2\",\"url\":\"http:\/\/smwork.com.br\/?page_id=2\",\"name\":\"A Empresa - SM Work Asessoria\",\"isPartOf\":{\"@id\":\"https:\/\/smwork.com.br\/#website\"},\"primaryImageOfPage\":{\"@id\":\"http:\/\/smwork.com.br\/?page_id=2#primaryimage\"},\"image\":{\"@id\":\"http:\/\/smwork.com.br\/?page_id=2#primaryimage\"},\"thumbnailUrl\":\"http:\/\/smwork.com.br\/wp-content\/uploads\/2025\/11\/img_smwork_02.jpg\",\"datePublished\":\"2025-10-29T18:44:12+00:00\",\"dateModified\":\"2025-11-19T18:41:27+00:00\",\"breadcrumb\":{\"@id\":\"http:\/\/smwork.com.br\/?page_id=2#breadcrumb\"},\"inLanguage\":\"pt-BR\",\"potentialAction\":[{\"@type\":\"ReadAction\",\"target\":[\"http:\/\/smwork.com.br\/?page_id=2\"]}]},{\"@type\":\"ImageObject\",\"inLanguage\":\"pt-BR\",\"@id\":\"http:\/\/smwork.com.br\/?page_id=2#primaryimage\",\"url\":\"https:\/\/smwork.com.br\/wp-content\/uploads\/2025\/11\/img_smwork_02.jpg\",\"contentUrl\":\"https:\/\/smwork.com.br\/wp-content\/uploads\/2025\/11\/img_smwork_02.jpg\",\"width\":1080,\"height\":1920},{\"@type\":\"BreadcrumbList\",\"@id\":\"http:\/\/smwork.com.br\/?page_id=2#breadcrumb\",\"itemListElement\":[{\"@type\":\"ListItem\",\"position\":1,\"name\":\"Home\",\"item\":\"https:\/\/smwork.com.br\/\"},{\"@type\":\"ListItem\",\"position\":2,\"name\":\"A Empresa\"}]},{\"@type\":\"WebSite\",\"@id\":\"https:\/\/smwork.com.br\/#website\",\"url\":\"https:\/\/smwork.com.br\/\",\"name\":\"SM Work Asessoria\",\"description\":\"A SM Work Assessoria fica no Setor de Autarquias Sul Q. 4 Bloco A - Salas 909 a 912 - Asa Sul, Bras\u00edlia - DF, 70070-938\",\"publisher\":{\"@id\":\"https:\/\/smwork.com.br\/#organization\"},\"potentialAction\":[{\"@type\":\"SearchAction\",\"target\":{\"@type\":\"EntryPoint\",\"urlTemplate\":\"https:\/\/smwork.com.br\/?s={search_term_string}\"},\"query-input\":\"required name=search_term_string\"}],\"inLanguage\":\"pt-BR\"},{\"@type\":\"Organization\",\"@id\":\"https:\/\/smwork.com.br\/#organization\",\"name\":\"SM Work Asessoria\",\"url\":\"https:\/\/smwork.com.br\/\",\"logo\":{\"@type\":\"ImageObject\",\"inLanguage\":\"pt-BR\",\"@id\":\"https:\/\/smwork.com.br\/#\/schema\/logo\/image\/\",\"url\":\"https:\/\/smwork.com.br\/wp-content\/uploads\/2025\/11\/Img_NewLogoSmwork.png\",\"contentUrl\":\"https:\/\/smwork.com.br\/wp-content\/uploads\/2025\/11\/Img_NewLogoSmwork.png\",\"width\":592,\"height\":183,\"caption\":\"SM Work Asessoria\"},\"image\":{\"@id\":\"https:\/\/smwork.com.br\/#\/schema\/logo\/image\/\"}}]}<\/script>\n<!-- \/ Yoast SEO plugin. -->","yoast_head_json":{"title":"A Empresa - SM Work Asessoria","robots":{"index":"index","follow":"follow","max-snippet":"max-snippet:-1","max-image-preview":"max-image-preview:large","max-video-preview":"max-video-preview:-1"},"canonical":"http:\/\/smwork.com.br\/?page_id=2","og_locale":"pt_BR","og_type":"article","og_title":"A Empresa - SM Work Asessoria","og_description":"A SM Work Assessoria \u00e9 uma empresa especializada na presta\u00e7\u00e3o de servi\u00e7os de consultoria e assessoria para entidades p\u00fablicas e privadas que buscam criar, estruturar e viabilizar projetos e solu\u00e7\u00f5es para o desenvolvimento de pol\u00edticas p\u00fablicas, visando o crescimento econ\u00f4mico e social sustent\u00e1vel. Neste sentido, buscamos desenvolve projetos tecnicamente e juridicamente vi\u00e1veis, de forma a [&hellip;]","og_url":"http:\/\/smwork.com.br\/?page_id=2","og_site_name":"SM Work Asessoria","article_modified_time":"2025-11-19T18:41:27+00:00","og_image":[{"url":"http:\/\/smwork.com.br\/wp-content\/uploads\/2025\/11\/img_smwork_02.jpg"}],"twitter_card":"summary_large_image","twitter_misc":{"Est. tempo de leitura":"2 minutos"},"schema":{"@context":"https:\/\/schema.org","@graph":[{"@type":"WebPage","@id":"http:\/\/smwork.com.br\/?page_id=2","url":"http:\/\/smwork.com.br\/?page_id=2","name":"A Empresa - SM Work Asessoria","isPartOf":{"@id":"https:\/\/smwork.com.br\/#website"},"primaryImageOfPage":{"@id":"http:\/\/smwork.com.br\/?page_id=2#primaryimage"},"image":{"@id":"http:\/\/smwork.com.br\/?page_id=2#primaryimage"},"thumbnailUrl":"http:\/\/smwork.com.br\/wp-content\/uploads\/2025\/11\/img_smwork_02.jpg","datePublished":"2025-10-29T18:44:12+00:00","dateModified":"2025-11-19T18:41:27+00:00","breadcrumb":{"@id":"http:\/\/smwork.com.br\/?page_id=2#breadcrumb"},"inLanguage":"pt-BR","potentialAction":[{"@type":"ReadAction","target":["http:\/\/smwork.com.br\/?page_id=2"]}]},{"@type":"ImageObject","inLanguage":"pt-BR","@id":"http:\/\/smwork.com.br\/?page_id=2#primaryimage","url":"https:\/\/smwork.com.br\/wp-content\/uploads\/2025\/11\/img_smwork_02.jpg","contentUrl":"https:\/\/smwork.com.br\/wp-content\/uploads\/2025\/11\/img_smwork_02.jpg","width":1080,"height":1920},{"@type":"BreadcrumbList","@id":"http:\/\/smwork.com.br\/?page_id=2#breadcrumb","itemListElement":[{"@type":"ListItem","position":1,"name":"Home","item":"https:\/\/smwork.com.br\/"},{"@type":"ListItem","position":2,"name":"A Empresa"}]},{"@type":"WebSite","@id":"https:\/\/smwork.com.br\/#website","url":"https:\/\/smwork.com.br\/","name":"SM Work Asessoria","description":"A SM Work Assessoria fica no Setor de Autarquias Sul Q. 4 Bloco A - Salas 909 a 912 - Asa Sul, Bras\u00edlia - DF, 70070-938","publisher":{"@id":"https:\/\/smwork.com.br\/#organization"},"potentialAction":[{"@type":"SearchAction","target":{"@type":"EntryPoint","urlTemplate":"https:\/\/smwork.com.br\/?s={search_term_string}"},"query-input":"required name=search_term_string"}],"inLanguage":"pt-BR"},{"@type":"Organization","@id":"https:\/\/smwork.com.br\/#organization","name":"SM Work Asessoria","url":"https:\/\/smwork.com.br\/","logo":{"@type":"ImageObject","inLanguage":"pt-BR","@id":"https:\/\/smwork.com.br\/#\/schema\/logo\/image\/","url":"https:\/\/smwork.com.br\/wp-content\/uploads\/2025\/11\/Img_NewLogoSmwork.png","contentUrl":"https:\/\/smwork.com.br\/wp-content\/uploads\/2025\/11\/Img_NewLogoSmwork.png","width":592,"height":183,"caption":"SM Work Asessoria"},"image":{"@id":"https:\/\/smwork.com.br\/#\/schema\/logo\/image\/"}}]}},"uagb_featured_image_src":{"full":false,"thumbnail":false,"medium":false,"medium_large":false,"large":false,"1536x1536":false,"2048x2048":false},"uagb_author_info":{"display_name":"jehielf","author_link":"https:\/\/smwork.com.br\/?author=1"},"uagb_comment_info":0,"uagb_excerpt":"A SM Work Assessoria \u00e9 uma empresa especializada na presta\u00e7\u00e3o de servi\u00e7os de consultoria e assessoria para entidades p\u00fablicas e privadas que buscam criar, estruturar e viabilizar projetos e solu\u00e7\u00f5es para o desenvolvimento de pol\u00edticas p\u00fablicas, visando o crescimento econ\u00f4mico e social sustent\u00e1vel. Neste sentido, buscamos desenvolve projetos tecnicamente e juridicamente vi\u00e1veis, de forma a&hellip;","_links":{"self":[{"href":"https:\/\/smwork.com.br\/index.php?rest_route=\/wp\/v2\/pages\/2","targetHints":{"allow":["GET"]}}],"collection":[{"href":"https:\/\/smwork.com.br\/index.php?rest_route=\/wp\/v2\/pages"}],"about":[{"href":"https:\/\/smwork.com.br\/index.php?rest_route=\/wp\/v2\/types\/page"}],"author":[{"embeddable":true,"href":"https:\/\/smwork.com.br\/index.php?rest_route=\/wp\/v2\/users\/1"}],"replies":[{"embeddable":true,"href":"https:\/\/smwork.com.br\/index.php?rest_route=%2Fwp%2Fv2%2Fcomments&post=2"}],"version-history":[{"count":6,"href":"https:\/\/smwork.com.br\/index.php?rest_route=\/wp\/v2\/pages\/2\/revisions"}],"predecessor-version":[{"id":397,"href":"https:\/\/smwork.com.br\/index.php?rest_route=\/wp\/v2\/pages\/2\/revisions\/397"}],"wp:attachment":[{"href":"https:\/\/smwork.com.br\/index.php?rest_route=%2Fwp%2Fv2%2Fmedia&parent=2"}],"curies":[{"name":"wp","href":"https:\/\/api.w.org\/{rel}","templated":true}]}}