{"id":331,"date":"2025-11-10T16:01:13","date_gmt":"2025-11-10T19:01:13","guid":{"rendered":"https:\/\/smwork.com.br\/?page_id=331"},"modified":"2025-11-10T17:21:32","modified_gmt":"2025-11-10T20:21:32","slug":"acompanhamento-da-execucao-e-prestacao-de-contas","status":"publish","type":"page","link":"https:\/\/smwork.com.br\/?page_id=331","title":{"rendered":"Acompanhamento da Execu\u00e7\u00e3o e Presta\u00e7\u00e3o de Contas"},"content":{"rendered":"\n<div class=\"wp-block-uagb-info-box uagb-block-0745e839 uagb-infobox__content-wrap  uagb-infobox-icon-above-title uagb-infobox-image-valign-top\"><div class=\"uagb-ifb-content\"><div class=\"uagb-ifb-icon-wrap\"><svg xmlns=\"https:\/\/www.w3.org\/2000\/svg\" viewBox=\"0 0 512 512\"><path d=\"M0 256C0 114.6 114.6 0 256 0C397.4 0 512 114.6 512 256C512 397.4 397.4 512 256 512C114.6 512 0 397.4 0 256zM371.8 211.8C382.7 200.9 382.7 183.1 371.8 172.2C360.9 161.3 343.1 161.3 332.2 172.2L224 280.4L179.8 236.2C168.9 225.3 151.1 225.3 140.2 236.2C129.3 247.1 129.3 264.9 140.2 275.8L204.2 339.8C215.1 350.7 232.9 350.7 243.8 339.8L371.8 211.8z\"><\/path><\/svg><\/div><div class=\"uagb-ifb-title-wrap\"><\/div><p class=\"uagb-ifb-desc\">Ap\u00f3s aprova\u00e7\u00e3o da Proposta, a SW WORK realiza o acompanhamento do instrumento pactuado, (Termo de Fomento e de Colabora\u00e7\u00e3o, Termo de Coopera\u00e7\u00e3o, Termo de Compromisso e demais instrumentos cong\u00eaneres).&nbsp; Neste sentido, \u00e9 elaborada uma an\u00e1lise conclusiva pelos setores t\u00e9cnicos e jur\u00eddicos quanto ao atendimento das exig\u00eancias formais e legais previstas na legisla\u00e7\u00e3o aplic\u00e1vel.<br>Em continuidade, sabemos que durante a vig\u00eancia da parceria pode ser necess\u00e1ria a altera\u00e7\u00e3o de condi\u00e7\u00f5es anteriormente previstas. Neste sentido, estamos aptos a assessorar nossos clientes na elabora\u00e7\u00e3o da proposta de altera\u00e7\u00e3o, assim como realizar o acompanhamento de sua instru\u00e7\u00e3o perante o \u00f3rg\u00e3o descentralizador.<br>De igual forma, nos colocamos \u00e0 disposi\u00e7\u00e3o de nossos clientes para dirimir d\u00favidas e solucionar entraves que possam surgir durante a sua execu\u00e7\u00e3o, garantindo que a mesma ocorra dentro dos ditames legais, de modo a viabilizar a continuidade da libera\u00e7\u00e3o de recursos dentro do fluxo de descentraliza\u00e7\u00e3o pactuado.<br>Por fim, \u00e9 sabido que a fase de Presta\u00e7\u00e3o de Contas \u00e9 de suma relev\u00e2ncia, pois, al\u00e9m de se vestir por formalidades e orienta\u00e7\u00f5es t\u00e9cnicas que visam demonstrar o alcance do objeto e a devida responsabilidade administrativa e financeira da entidade, \u00e9 tamb\u00e9m fator condicionante para a viabilidade de novas parcerias. Em raz\u00e3o disso, a SM Work disponibiliza sua equipe para auxiliar as entidades parceiras no desenvolvimento dos melhores procedimentos internos, desde o in\u00edcio da execu\u00e7\u00e3o do objeto, de modo a facilitar a etapa de presta\u00e7\u00e3o de contas.<br>Integridade, Transpar\u00eancia e Respeito com a verba p\u00fablica s\u00e3o valores fundamentais que sempre nortear\u00e3o os atos da SM Work.<\/p><\/div><\/div>\n\n\n\n<p><strong>A<\/strong>p\u00f3s aprova\u00e7\u00e3o da Proposta, a SW WORK realiza o acompanhamento do instrumento pactuado, (Termo de Fomento e de Colabora\u00e7\u00e3o, Termo de Coopera\u00e7\u00e3o, Termo de Compromisso e demais instrumentos cong\u00eaneres).\u00a0 Neste sentido, \u00e9 elaborada uma an\u00e1lise conclusiva pelos setores t\u00e9cnicos e jur\u00eddicos quanto ao atendimento das exig\u00eancias formais e legais previstas na legisla\u00e7\u00e3o aplic\u00e1vel.<br>Em continuidade, sabemos que durante a vig\u00eancia da parceria pode ser necess\u00e1ria a altera\u00e7\u00e3o de condi\u00e7\u00f5es anteriormente previstas. Neste sentido, estamos aptos a assessorar nossos clientes na elabora\u00e7\u00e3o da proposta de altera\u00e7\u00e3o, assim como realizar o acompanhamento de sua instru\u00e7\u00e3o perante o \u00f3rg\u00e3o descentralizador.<br>De igual forma, nos colocamos \u00e0 disposi\u00e7\u00e3o de nossos clientes para dirimir d\u00favidas e solucionar entraves que possam surgir durante a sua execu\u00e7\u00e3o, garantindo que a mesma ocorra dentro dos ditames legais, de modo a viabilizar a continuidade da libera\u00e7\u00e3o de recursos dentro do fluxo de descentraliza\u00e7\u00e3o pactuado.<br>Por fim, \u00e9 sabido que a fase de Presta\u00e7\u00e3o de Contas \u00e9 de suma relev\u00e2ncia, pois, al\u00e9m de se vestir por formalidades e orienta\u00e7\u00f5es t\u00e9cnicas que visam demonstrar o alcance do objeto e a devida responsabilidade administrativa e financeira da entidade, \u00e9 tamb\u00e9m fator condicionante para a viabilidade de novas parcerias. Em raz\u00e3o disso, a SM Work disponibiliza sua equipe para auxiliar as entidades parceiras no desenvolvimento dos melhores procedimentos internos, desde o in\u00edcio da execu\u00e7\u00e3o do objeto, de modo a facilitar a etapa de presta\u00e7\u00e3o de contas.<br>Integridade, Transpar\u00eancia e Respeito com a verba p\u00fablica s\u00e3o valores fundamentais que sempre nortear\u00e3o os atos da <strong>SM Work<\/strong>.<\/p>\n","protected":false},"excerpt":{"rendered":"<p>Ap\u00f3s aprova\u00e7\u00e3o da Proposta, a SW WORK realiza o acompanhamento do instrumento pactuado, (Termo de Fomento e de Colabora\u00e7\u00e3o, Termo de Coopera\u00e7\u00e3o, Termo de Compromisso e demais instrumentos cong\u00eaneres).\u00a0 Neste sentido, \u00e9 elaborada uma an\u00e1lise conclusiva pelos setores t\u00e9cnicos e jur\u00eddicos quanto ao atendimento das exig\u00eancias formais e legais previstas na legisla\u00e7\u00e3o aplic\u00e1vel.Em continuidade, sabemos [&hellip;]<\/p>\n","protected":false},"author":1,"featured_media":0,"parent":0,"menu_order":0,"comment_status":"closed","ping_status":"closed","template":"","meta":{"_uag_custom_page_level_css":"","footnotes":""},"class_list":["post-331","page","type-page","status-publish","hentry"],"yoast_head":"<!-- This site is optimized with the Yoast SEO plugin v22.8 - https:\/\/yoast.com\/wordpress\/plugins\/seo\/ -->\n<title>Acompanhamento da Execu\u00e7\u00e3o e Presta\u00e7\u00e3o de Contas - SM Work Asessoria<\/title>\n<meta name=\"robots\" content=\"index, follow, max-snippet:-1, max-image-preview:large, max-video-preview:-1\" \/>\n<link rel=\"canonical\" href=\"https:\/\/smwork.com.br\/?page_id=331\" \/>\n<meta property=\"og:locale\" content=\"pt_BR\" \/>\n<meta property=\"og:type\" content=\"article\" \/>\n<meta property=\"og:title\" content=\"Acompanhamento da Execu\u00e7\u00e3o e Presta\u00e7\u00e3o de Contas - SM Work Asessoria\" \/>\n<meta property=\"og:description\" content=\"Ap\u00f3s aprova\u00e7\u00e3o da Proposta, a SW WORK realiza o acompanhamento do instrumento pactuado, (Termo de Fomento e de Colabora\u00e7\u00e3o, Termo de Coopera\u00e7\u00e3o, Termo de Compromisso e demais instrumentos cong\u00eaneres).\u00a0 Neste sentido, \u00e9 elaborada uma an\u00e1lise conclusiva pelos setores t\u00e9cnicos e jur\u00eddicos quanto ao atendimento das exig\u00eancias formais e legais previstas na legisla\u00e7\u00e3o aplic\u00e1vel.Em continuidade, sabemos [&hellip;]\" \/>\n<meta property=\"og:url\" content=\"https:\/\/smwork.com.br\/?page_id=331\" \/>\n<meta property=\"og:site_name\" content=\"SM Work Asessoria\" \/>\n<meta property=\"article:modified_time\" content=\"2025-11-10T20:21:32+00:00\" \/>\n<meta name=\"twitter:card\" content=\"summary_large_image\" \/>\n<meta name=\"twitter:label1\" content=\"Est. tempo de leitura\" \/>\n\t<meta name=\"twitter:data1\" content=\"3 minutos\" \/>\n<script type=\"application\/ld+json\" class=\"yoast-schema-graph\">{\"@context\":\"https:\/\/schema.org\",\"@graph\":[{\"@type\":\"WebPage\",\"@id\":\"https:\/\/smwork.com.br\/?page_id=331\",\"url\":\"https:\/\/smwork.com.br\/?page_id=331\",\"name\":\"Acompanhamento da Execu\u00e7\u00e3o e Presta\u00e7\u00e3o de Contas - SM Work Asessoria\",\"isPartOf\":{\"@id\":\"https:\/\/smwork.com.br\/#website\"},\"datePublished\":\"2025-11-10T19:01:13+00:00\",\"dateModified\":\"2025-11-10T20:21:32+00:00\",\"breadcrumb\":{\"@id\":\"https:\/\/smwork.com.br\/?page_id=331#breadcrumb\"},\"inLanguage\":\"pt-BR\",\"potentialAction\":[{\"@type\":\"ReadAction\",\"target\":[\"https:\/\/smwork.com.br\/?page_id=331\"]}]},{\"@type\":\"BreadcrumbList\",\"@id\":\"https:\/\/smwork.com.br\/?page_id=331#breadcrumb\",\"itemListElement\":[{\"@type\":\"ListItem\",\"position\":1,\"name\":\"Home\",\"item\":\"https:\/\/smwork.com.br\/\"},{\"@type\":\"ListItem\",\"position\":2,\"name\":\"Acompanhamento da Execu\u00e7\u00e3o e Presta\u00e7\u00e3o de Contas\"}]},{\"@type\":\"WebSite\",\"@id\":\"https:\/\/smwork.com.br\/#website\",\"url\":\"https:\/\/smwork.com.br\/\",\"name\":\"SM Work Asessoria\",\"description\":\"A SM Work Assessoria fica no Setor de Autarquias Sul Q. 4 Bloco A - Salas 909 a 912 - Asa Sul, Bras\u00edlia - DF, 70070-938\",\"publisher\":{\"@id\":\"https:\/\/smwork.com.br\/#organization\"},\"potentialAction\":[{\"@type\":\"SearchAction\",\"target\":{\"@type\":\"EntryPoint\",\"urlTemplate\":\"https:\/\/smwork.com.br\/?s={search_term_string}\"},\"query-input\":\"required name=search_term_string\"}],\"inLanguage\":\"pt-BR\"},{\"@type\":\"Organization\",\"@id\":\"https:\/\/smwork.com.br\/#organization\",\"name\":\"SM Work Asessoria\",\"url\":\"https:\/\/smwork.com.br\/\",\"logo\":{\"@type\":\"ImageObject\",\"inLanguage\":\"pt-BR\",\"@id\":\"https:\/\/smwork.com.br\/#\/schema\/logo\/image\/\",\"url\":\"https:\/\/smwork.com.br\/wp-content\/uploads\/2025\/11\/Img_NewLogoSmwork.png\",\"contentUrl\":\"https:\/\/smwork.com.br\/wp-content\/uploads\/2025\/11\/Img_NewLogoSmwork.png\",\"width\":592,\"height\":183,\"caption\":\"SM Work Asessoria\"},\"image\":{\"@id\":\"https:\/\/smwork.com.br\/#\/schema\/logo\/image\/\"}}]}<\/script>\n<!-- \/ Yoast SEO plugin. -->","yoast_head_json":{"title":"Acompanhamento da Execu\u00e7\u00e3o e Presta\u00e7\u00e3o de Contas - SM Work Asessoria","robots":{"index":"index","follow":"follow","max-snippet":"max-snippet:-1","max-image-preview":"max-image-preview:large","max-video-preview":"max-video-preview:-1"},"canonical":"https:\/\/smwork.com.br\/?page_id=331","og_locale":"pt_BR","og_type":"article","og_title":"Acompanhamento da Execu\u00e7\u00e3o e Presta\u00e7\u00e3o de Contas - SM Work Asessoria","og_description":"Ap\u00f3s aprova\u00e7\u00e3o da Proposta, a SW WORK realiza o acompanhamento do instrumento pactuado, (Termo de Fomento e de Colabora\u00e7\u00e3o, Termo de Coopera\u00e7\u00e3o, Termo de Compromisso e demais instrumentos cong\u00eaneres).\u00a0 Neste sentido, \u00e9 elaborada uma an\u00e1lise conclusiva pelos setores t\u00e9cnicos e jur\u00eddicos quanto ao atendimento das exig\u00eancias formais e legais previstas na legisla\u00e7\u00e3o aplic\u00e1vel.Em continuidade, sabemos [&hellip;]","og_url":"https:\/\/smwork.com.br\/?page_id=331","og_site_name":"SM Work Asessoria","article_modified_time":"2025-11-10T20:21:32+00:00","twitter_card":"summary_large_image","twitter_misc":{"Est. tempo de leitura":"3 minutos"},"schema":{"@context":"https:\/\/schema.org","@graph":[{"@type":"WebPage","@id":"https:\/\/smwork.com.br\/?page_id=331","url":"https:\/\/smwork.com.br\/?page_id=331","name":"Acompanhamento da Execu\u00e7\u00e3o e Presta\u00e7\u00e3o de Contas - SM Work Asessoria","isPartOf":{"@id":"https:\/\/smwork.com.br\/#website"},"datePublished":"2025-11-10T19:01:13+00:00","dateModified":"2025-11-10T20:21:32+00:00","breadcrumb":{"@id":"https:\/\/smwork.com.br\/?page_id=331#breadcrumb"},"inLanguage":"pt-BR","potentialAction":[{"@type":"ReadAction","target":["https:\/\/smwork.com.br\/?page_id=331"]}]},{"@type":"BreadcrumbList","@id":"https:\/\/smwork.com.br\/?page_id=331#breadcrumb","itemListElement":[{"@type":"ListItem","position":1,"name":"Home","item":"https:\/\/smwork.com.br\/"},{"@type":"ListItem","position":2,"name":"Acompanhamento da Execu\u00e7\u00e3o e Presta\u00e7\u00e3o de Contas"}]},{"@type":"WebSite","@id":"https:\/\/smwork.com.br\/#website","url":"https:\/\/smwork.com.br\/","name":"SM Work Asessoria","description":"A SM Work Assessoria fica no Setor de Autarquias Sul Q. 4 Bloco A - Salas 909 a 912 - Asa Sul, Bras\u00edlia - DF, 70070-938","publisher":{"@id":"https:\/\/smwork.com.br\/#organization"},"potentialAction":[{"@type":"SearchAction","target":{"@type":"EntryPoint","urlTemplate":"https:\/\/smwork.com.br\/?s={search_term_string}"},"query-input":"required name=search_term_string"}],"inLanguage":"pt-BR"},{"@type":"Organization","@id":"https:\/\/smwork.com.br\/#organization","name":"SM Work Asessoria","url":"https:\/\/smwork.com.br\/","logo":{"@type":"ImageObject","inLanguage":"pt-BR","@id":"https:\/\/smwork.com.br\/#\/schema\/logo\/image\/","url":"https:\/\/smwork.com.br\/wp-content\/uploads\/2025\/11\/Img_NewLogoSmwork.png","contentUrl":"https:\/\/smwork.com.br\/wp-content\/uploads\/2025\/11\/Img_NewLogoSmwork.png","width":592,"height":183,"caption":"SM Work Asessoria"},"image":{"@id":"https:\/\/smwork.com.br\/#\/schema\/logo\/image\/"}}]}},"uagb_featured_image_src":{"full":false,"thumbnail":false,"medium":false,"medium_large":false,"large":false,"1536x1536":false,"2048x2048":false},"uagb_author_info":{"display_name":"jehielf","author_link":"https:\/\/smwork.com.br\/?author=1"},"uagb_comment_info":0,"uagb_excerpt":"Ap\u00f3s aprova\u00e7\u00e3o da Proposta, a SW WORK realiza o acompanhamento do instrumento pactuado, (Termo de Fomento e de Colabora\u00e7\u00e3o, Termo de Coopera\u00e7\u00e3o, Termo de Compromisso e demais instrumentos cong\u00eaneres).\u00a0 Neste sentido, \u00e9 elaborada uma an\u00e1lise conclusiva pelos setores t\u00e9cnicos e jur\u00eddicos quanto ao atendimento das exig\u00eancias formais e legais previstas na legisla\u00e7\u00e3o aplic\u00e1vel.Em continuidade, sabemos&hellip;","_links":{"self":[{"href":"https:\/\/smwork.com.br\/index.php?rest_route=\/wp\/v2\/pages\/331","targetHints":{"allow":["GET"]}}],"collection":[{"href":"https:\/\/smwork.com.br\/index.php?rest_route=\/wp\/v2\/pages"}],"about":[{"href":"https:\/\/smwork.com.br\/index.php?rest_route=\/wp\/v2\/types\/page"}],"author":[{"embeddable":true,"href":"https:\/\/smwork.com.br\/index.php?rest_route=\/wp\/v2\/users\/1"}],"replies":[{"embeddable":true,"href":"https:\/\/smwork.com.br\/index.php?rest_route=%2Fwp%2Fv2%2Fcomments&post=331"}],"version-history":[{"count":2,"href":"https:\/\/smwork.com.br\/index.php?rest_route=\/wp\/v2\/pages\/331\/revisions"}],"predecessor-version":[{"id":345,"href":"https:\/\/smwork.com.br\/index.php?rest_route=\/wp\/v2\/pages\/331\/revisions\/345"}],"wp:attachment":[{"href":"https:\/\/smwork.com.br\/index.php?rest_route=%2Fwp%2Fv2%2Fmedia&parent=331"}],"curies":[{"name":"wp","href":"https:\/\/api.w.org\/{rel}","templated":true}]}}