{"id":336,"date":"2025-11-10T16:18:08","date_gmt":"2025-11-10T19:18:08","guid":{"rendered":"https:\/\/smwork.com.br\/?page_id=336"},"modified":"2025-11-10T16:26:26","modified_gmt":"2025-11-10T19:26:26","slug":"cursos-e-capacitacoes","status":"publish","type":"page","link":"https:\/\/smwork.com.br\/?page_id=336","title":{"rendered":"Cursos e Capacita\u00e7\u00f5es"},"content":{"rendered":"\n<div class=\"wp-block-uagb-info-box uagb-block-a1facb28 uagb-infobox__content-wrap  uagb-infobox-icon-above-title uagb-infobox-image-valign-top\"><div class=\"uagb-ifb-content\"><div class=\"uagb-ifb-icon-wrap\"><svg xmlns=\"https:\/\/www.w3.org\/2000\/svg\" viewBox=\"0 0 512 512\"><path d=\"M0 256C0 114.6 114.6 0 256 0C397.4 0 512 114.6 512 256C512 397.4 397.4 512 256 512C114.6 512 0 397.4 0 256zM371.8 211.8C382.7 200.9 382.7 183.1 371.8 172.2C360.9 161.3 343.1 161.3 332.2 172.2L224 280.4L179.8 236.2C168.9 225.3 151.1 225.3 140.2 236.2C129.3 247.1 129.3 264.9 140.2 275.8L204.2 339.8C215.1 350.7 232.9 350.7 243.8 339.8L371.8 211.8z\"><\/path><\/svg><\/div><div class=\"uagb-ifb-title-wrap\"><\/div><\/div><\/div>\n\n\n\n<p>A SM Work elabora e aplica Cursos e Capacita\u00e7\u00f5es \u00e0s entidades e organiza\u00e7\u00f5es, bem como aos profissionais que desejarem aprofundar-se nos mais variados temas de seu interesse dentro do escopo da nossa \u00e1rea de atua\u00e7\u00e3o, em especial para Gestores de Conv\u00eanios e instrumentos relacionados, or\u00e7amentos, capta\u00e7\u00e3o de recursos, etc.;<\/p>\n\n\n\n<p>B \u2013 \u00d3rg\u00e3os P\u00fablicos \u2013 Secretarias | Prefeituras | Governos Estaduais<\/p>\n\n\n\n<ol class=\"wp-block-list\">\n<li>Identifica\u00e7\u00e3o dos Programas<\/li>\n\n\n\n<li>Assessoria T\u00e9cnica aos Secret\u00e1rios | Prefeitos e Governadores<\/li>\n\n\n\n<li>Elabora\u00e7\u00e3o dos Projetos<\/li>\n\n\n\n<li>Capta\u00e7\u00e3o de Recursos<\/li>\n\n\n\n<li>Assessoria T\u00e9cnica e Jur\u00eddica Permanente<\/li>\n\n\n\n<li>Cursos e Capacita\u00e7\u00e3o<\/li>\n<\/ol>\n\n\n\n<p>1 \u2013 Identifica\u00e7\u00e3o de Programas<\/p>\n\n\n\n<p>Realizamos a Identifica\u00e7\u00e3o de Programas desenvolvidos pelo Governo Federal (e Estadual), por interm\u00e9dio de seus Minist\u00e9rios (e Secretarias), das mais variadas naturezas, com ader\u00eancia e capacidade de impulsionar o desenvolvimento econ\u00f4mico e social do ente p\u00fablico parceiro, por meio de a\u00e7\u00f5es voltadas \u00e0 Assist\u00eancia Social, Sa\u00fade, Educa\u00e7\u00e3o, Esporte, Cultura, Saneamento, Infraestrutura, Gera\u00e7\u00e3o de Renda, entre outras<\/p>\n\n\n\n<p>Neste sentido, ser\u00e1 realizado constante e eficiente monitoramento de lan\u00e7amentos de editais para, dentro da periodicidade estabelecida, apresentar ao ente p\u00fablico a rela\u00e7\u00e3o dos Programas com as respectivas justificativas e benef\u00edcios almejados.<\/p>\n\n\n\n<p>Uma vez demonstrado o interesse por parte do ente p\u00fablico parceiro, trabalharemos em conjunto no desenvolvimento e modelagem do Projeto para o Programa indicado, incluindo-se nos servi\u00e7os a serem executados:<\/p>\n\n\n\n<ol start=\"1\" style=\"list-style-type:lower-alpha\" class=\"wp-block-list\">\n<li>Elabora\u00e7\u00e3o do Projeto\/Proposta<\/li>\n\n\n\n<li>Cadastro da Proposta no Sistema do Governo Federal \/ Estadual<\/li>\n\n\n\n<li>Acompanhamento individualizado da an\u00e1lise da Proposta<\/li>\n\n\n\n<li>Participa\u00e7\u00e3o em reuni\u00f5es necess\u00e1rias para a formaliza\u00e7\u00e3o da parceria e descentraliza\u00e7\u00e3o do recurso.<\/li>\n<\/ol>\n\n\n\n<p>2 \u2013 Assessoria T\u00e9cnica ao Prefeito e Secret\u00e1rios<\/p>\n\n\n\n<p>Consiste na presta\u00e7\u00e3o do servi\u00e7o de assessoria t\u00e9cnica ao Chefe do Executivo local, e seu(s) Secret\u00e1rio(s), na elabora\u00e7\u00e3o de agendas de visitas aos Minist\u00e9rios, Congresso Nacional, Secretaria de Estado e outros solicitados pela administra\u00e7\u00e3o.<\/p>\n\n\n\n<p>Considerando o cen\u00e1rio econ\u00f4mico fiscal e a necessidade dos Munic\u00edpios em desenvolver maior capacidade institucional frente ao Governo Estadual e Federal, o servi\u00e7o consiste no:<\/p>\n\n\n\n<ol style=\"list-style-type:lower-alpha\" class=\"wp-block-list\">\n<li>Agendamento, prepara\u00e7\u00e3o e acompanhamento de reuni\u00f5es;<\/li>\n\n\n\n<li>Capacita\u00e7\u00e3o t\u00e9cnica dos representantes locais e<\/li>\n\n\n\n<li>Acompanhamento presencial em expedientes que visem a capta\u00e7\u00e3o de recursos e a defesa da viabilidade de Projetos e Programas de interesse do Munic\u00edpio.<\/li>\n<\/ol>\n\n\n\n<p><\/p>\n","protected":false},"excerpt":{"rendered":"<p>A SM Work elabora e aplica Cursos e Capacita\u00e7\u00f5es \u00e0s entidades e organiza\u00e7\u00f5es, bem como aos profissionais que desejarem aprofundar-se nos mais variados temas de seu interesse dentro do escopo da nossa \u00e1rea de atua\u00e7\u00e3o, em especial para Gestores de Conv\u00eanios e instrumentos relacionados, or\u00e7amentos, capta\u00e7\u00e3o de recursos, etc.; B \u2013 \u00d3rg\u00e3os P\u00fablicos \u2013 Secretarias [&hellip;]<\/p>\n","protected":false},"author":1,"featured_media":0,"parent":0,"menu_order":0,"comment_status":"closed","ping_status":"closed","template":"","meta":{"_uag_custom_page_level_css":"","footnotes":""},"class_list":["post-336","page","type-page","status-publish","hentry"],"yoast_head":"<!-- This site is optimized with the Yoast SEO plugin v22.8 - https:\/\/yoast.com\/wordpress\/plugins\/seo\/ -->\n<title>Cursos e Capacita\u00e7\u00f5es - SM Work Asessoria<\/title>\n<meta name=\"robots\" content=\"index, follow, max-snippet:-1, max-image-preview:large, max-video-preview:-1\" \/>\n<link rel=\"canonical\" href=\"https:\/\/smwork.com.br\/?page_id=336\" \/>\n<meta property=\"og:locale\" content=\"pt_BR\" \/>\n<meta property=\"og:type\" content=\"article\" \/>\n<meta property=\"og:title\" content=\"Cursos e Capacita\u00e7\u00f5es - SM Work Asessoria\" \/>\n<meta property=\"og:description\" content=\"A SM Work elabora e aplica Cursos e Capacita\u00e7\u00f5es \u00e0s entidades e organiza\u00e7\u00f5es, bem como aos profissionais que desejarem aprofundar-se nos mais variados temas de seu interesse dentro do escopo da nossa \u00e1rea de atua\u00e7\u00e3o, em especial para Gestores de Conv\u00eanios e instrumentos relacionados, or\u00e7amentos, capta\u00e7\u00e3o de recursos, etc.; B \u2013 \u00d3rg\u00e3os P\u00fablicos \u2013 Secretarias [&hellip;]\" \/>\n<meta property=\"og:url\" content=\"https:\/\/smwork.com.br\/?page_id=336\" \/>\n<meta property=\"og:site_name\" content=\"SM Work Asessoria\" \/>\n<meta property=\"article:modified_time\" content=\"2025-11-10T19:26:26+00:00\" \/>\n<meta name=\"twitter:card\" content=\"summary_large_image\" \/>\n<meta name=\"twitter:label1\" content=\"Est. tempo de leitura\" \/>\n\t<meta name=\"twitter:data1\" content=\"2 minutos\" \/>\n<script type=\"application\/ld+json\" class=\"yoast-schema-graph\">{\"@context\":\"https:\/\/schema.org\",\"@graph\":[{\"@type\":\"WebPage\",\"@id\":\"https:\/\/smwork.com.br\/?page_id=336\",\"url\":\"https:\/\/smwork.com.br\/?page_id=336\",\"name\":\"Cursos e Capacita\u00e7\u00f5es - SM Work Asessoria\",\"isPartOf\":{\"@id\":\"https:\/\/smwork.com.br\/#website\"},\"datePublished\":\"2025-11-10T19:18:08+00:00\",\"dateModified\":\"2025-11-10T19:26:26+00:00\",\"breadcrumb\":{\"@id\":\"https:\/\/smwork.com.br\/?page_id=336#breadcrumb\"},\"inLanguage\":\"pt-BR\",\"potentialAction\":[{\"@type\":\"ReadAction\",\"target\":[\"https:\/\/smwork.com.br\/?page_id=336\"]}]},{\"@type\":\"BreadcrumbList\",\"@id\":\"https:\/\/smwork.com.br\/?page_id=336#breadcrumb\",\"itemListElement\":[{\"@type\":\"ListItem\",\"position\":1,\"name\":\"Home\",\"item\":\"https:\/\/smwork.com.br\/\"},{\"@type\":\"ListItem\",\"position\":2,\"name\":\"Cursos e Capacita\u00e7\u00f5es\"}]},{\"@type\":\"WebSite\",\"@id\":\"https:\/\/smwork.com.br\/#website\",\"url\":\"https:\/\/smwork.com.br\/\",\"name\":\"SM Work Asessoria\",\"description\":\"A SM Work Assessoria fica no Setor de Autarquias Sul Q. 4 Bloco A - Salas 909 a 912 - Asa Sul, Bras\u00edlia - DF, 70070-938\",\"publisher\":{\"@id\":\"https:\/\/smwork.com.br\/#organization\"},\"potentialAction\":[{\"@type\":\"SearchAction\",\"target\":{\"@type\":\"EntryPoint\",\"urlTemplate\":\"https:\/\/smwork.com.br\/?s={search_term_string}\"},\"query-input\":\"required name=search_term_string\"}],\"inLanguage\":\"pt-BR\"},{\"@type\":\"Organization\",\"@id\":\"https:\/\/smwork.com.br\/#organization\",\"name\":\"SM Work Asessoria\",\"url\":\"https:\/\/smwork.com.br\/\",\"logo\":{\"@type\":\"ImageObject\",\"inLanguage\":\"pt-BR\",\"@id\":\"https:\/\/smwork.com.br\/#\/schema\/logo\/image\/\",\"url\":\"https:\/\/smwork.com.br\/wp-content\/uploads\/2025\/11\/Img_NewLogoSmwork.png\",\"contentUrl\":\"https:\/\/smwork.com.br\/wp-content\/uploads\/2025\/11\/Img_NewLogoSmwork.png\",\"width\":592,\"height\":183,\"caption\":\"SM Work Asessoria\"},\"image\":{\"@id\":\"https:\/\/smwork.com.br\/#\/schema\/logo\/image\/\"}}]}<\/script>\n<!-- \/ Yoast SEO plugin. -->","yoast_head_json":{"title":"Cursos e Capacita\u00e7\u00f5es - SM Work Asessoria","robots":{"index":"index","follow":"follow","max-snippet":"max-snippet:-1","max-image-preview":"max-image-preview:large","max-video-preview":"max-video-preview:-1"},"canonical":"https:\/\/smwork.com.br\/?page_id=336","og_locale":"pt_BR","og_type":"article","og_title":"Cursos e Capacita\u00e7\u00f5es - SM Work Asessoria","og_description":"A SM Work elabora e aplica Cursos e Capacita\u00e7\u00f5es \u00e0s entidades e organiza\u00e7\u00f5es, bem como aos profissionais que desejarem aprofundar-se nos mais variados temas de seu interesse dentro do escopo da nossa \u00e1rea de atua\u00e7\u00e3o, em especial para Gestores de Conv\u00eanios e instrumentos relacionados, or\u00e7amentos, capta\u00e7\u00e3o de recursos, etc.; B \u2013 \u00d3rg\u00e3os P\u00fablicos \u2013 Secretarias [&hellip;]","og_url":"https:\/\/smwork.com.br\/?page_id=336","og_site_name":"SM Work Asessoria","article_modified_time":"2025-11-10T19:26:26+00:00","twitter_card":"summary_large_image","twitter_misc":{"Est. tempo de leitura":"2 minutos"},"schema":{"@context":"https:\/\/schema.org","@graph":[{"@type":"WebPage","@id":"https:\/\/smwork.com.br\/?page_id=336","url":"https:\/\/smwork.com.br\/?page_id=336","name":"Cursos e Capacita\u00e7\u00f5es - SM Work Asessoria","isPartOf":{"@id":"https:\/\/smwork.com.br\/#website"},"datePublished":"2025-11-10T19:18:08+00:00","dateModified":"2025-11-10T19:26:26+00:00","breadcrumb":{"@id":"https:\/\/smwork.com.br\/?page_id=336#breadcrumb"},"inLanguage":"pt-BR","potentialAction":[{"@type":"ReadAction","target":["https:\/\/smwork.com.br\/?page_id=336"]}]},{"@type":"BreadcrumbList","@id":"https:\/\/smwork.com.br\/?page_id=336#breadcrumb","itemListElement":[{"@type":"ListItem","position":1,"name":"Home","item":"https:\/\/smwork.com.br\/"},{"@type":"ListItem","position":2,"name":"Cursos e Capacita\u00e7\u00f5es"}]},{"@type":"WebSite","@id":"https:\/\/smwork.com.br\/#website","url":"https:\/\/smwork.com.br\/","name":"SM Work Asessoria","description":"A SM Work Assessoria fica no Setor de Autarquias Sul Q. 4 Bloco A - Salas 909 a 912 - Asa Sul, Bras\u00edlia - DF, 70070-938","publisher":{"@id":"https:\/\/smwork.com.br\/#organization"},"potentialAction":[{"@type":"SearchAction","target":{"@type":"EntryPoint","urlTemplate":"https:\/\/smwork.com.br\/?s={search_term_string}"},"query-input":"required name=search_term_string"}],"inLanguage":"pt-BR"},{"@type":"Organization","@id":"https:\/\/smwork.com.br\/#organization","name":"SM Work Asessoria","url":"https:\/\/smwork.com.br\/","logo":{"@type":"ImageObject","inLanguage":"pt-BR","@id":"https:\/\/smwork.com.br\/#\/schema\/logo\/image\/","url":"https:\/\/smwork.com.br\/wp-content\/uploads\/2025\/11\/Img_NewLogoSmwork.png","contentUrl":"https:\/\/smwork.com.br\/wp-content\/uploads\/2025\/11\/Img_NewLogoSmwork.png","width":592,"height":183,"caption":"SM Work Asessoria"},"image":{"@id":"https:\/\/smwork.com.br\/#\/schema\/logo\/image\/"}}]}},"uagb_featured_image_src":{"full":false,"thumbnail":false,"medium":false,"medium_large":false,"large":false,"1536x1536":false,"2048x2048":false},"uagb_author_info":{"display_name":"jehielf","author_link":"https:\/\/smwork.com.br\/?author=1"},"uagb_comment_info":0,"uagb_excerpt":"A SM Work elabora e aplica Cursos e Capacita\u00e7\u00f5es \u00e0s entidades e organiza\u00e7\u00f5es, bem como aos profissionais que desejarem aprofundar-se nos mais variados temas de seu interesse dentro do escopo da nossa \u00e1rea de atua\u00e7\u00e3o, em especial para Gestores de Conv\u00eanios e instrumentos relacionados, or\u00e7amentos, capta\u00e7\u00e3o de recursos, etc.; B \u2013 \u00d3rg\u00e3os P\u00fablicos \u2013 Secretarias&hellip;","_links":{"self":[{"href":"https:\/\/smwork.com.br\/index.php?rest_route=\/wp\/v2\/pages\/336","targetHints":{"allow":["GET"]}}],"collection":[{"href":"https:\/\/smwork.com.br\/index.php?rest_route=\/wp\/v2\/pages"}],"about":[{"href":"https:\/\/smwork.com.br\/index.php?rest_route=\/wp\/v2\/types\/page"}],"author":[{"embeddable":true,"href":"https:\/\/smwork.com.br\/index.php?rest_route=\/wp\/v2\/users\/1"}],"replies":[{"embeddable":true,"href":"https:\/\/smwork.com.br\/index.php?rest_route=%2Fwp%2Fv2%2Fcomments&post=336"}],"version-history":[{"count":1,"href":"https:\/\/smwork.com.br\/index.php?rest_route=\/wp\/v2\/pages\/336\/revisions"}],"predecessor-version":[{"id":338,"href":"https:\/\/smwork.com.br\/index.php?rest_route=\/wp\/v2\/pages\/336\/revisions\/338"}],"wp:attachment":[{"href":"https:\/\/smwork.com.br\/index.php?rest_route=%2Fwp%2Fv2%2Fmedia&parent=336"}],"curies":[{"name":"wp","href":"https:\/\/api.w.org\/{rel}","templated":true}]}}